{"id":344,"date":"2022-10-18T22:22:34","date_gmt":"2022-10-18T20:22:34","guid":{"rendered":"https:\/\/fwallschwil.ch\/WPNew\/?page_id=344"},"modified":"2023-10-19T21:29:55","modified_gmt":"2023-10-19T19:29:55","slug":"magazin","status":"publish","type":"page","link":"https:\/\/fwallschwil.ch\/WPNew\/magazin\/","title":{"rendered":"Magazin"},"content":{"rendered":"\t\t<div data-elementor-type=\"wp-page\" data-elementor-id=\"344\" class=\"elementor elementor-344\">\n\t\t\t\t\t\t<section class=\"elementor-section elementor-top-section elementor-element elementor-element-68995d2 elementor-section-boxed elementor-section-height-default elementor-section-height-default\" data-id=\"68995d2\" data-element_type=\"section\">\n\t\t\t\t\t\t<div class=\"elementor-container elementor-column-gap-default\">\n\t\t\t\t\t<div class=\"elementor-column elementor-col-100 elementor-top-column elementor-element elementor-element-e5cfb76\" data-id=\"e5cfb76\" data-element_type=\"column\">\n\t\t\t<div class=\"elementor-widget-wrap elementor-element-populated\">\n\t\t\t\t\t\t<div class=\"elementor-element elementor-element-7b670e0 elementor-widget elementor-widget-image\" data-id=\"7b670e0\" data-element_type=\"widget\" data-widget_type=\"image.default\">\n\t\t\t\t<div class=\"elementor-widget-container\">\n\t\t\t\t\t\t\t\t\t\t\t\t\t\t\t<img fetchpriority=\"high\" decoding=\"async\" width=\"1024\" height=\"324\" src=\"https:\/\/fwallschwil.ch\/WPNew\/wp-content\/uploads\/2022\/10\/Magazin_nM-1024x324.jpg\" class=\"attachment-large size-large wp-image-346\" alt=\"\" srcset=\"https:\/\/fwallschwil.ch\/WPNew\/wp-content\/uploads\/2022\/10\/Magazin_nM-1024x324.jpg 1024w, https:\/\/fwallschwil.ch\/WPNew\/wp-content\/uploads\/2022\/10\/Magazin_nM-300x95.jpg 300w, https:\/\/fwallschwil.ch\/WPNew\/wp-content\/uploads\/2022\/10\/Magazin_nM-768x243.jpg 768w, https:\/\/fwallschwil.ch\/WPNew\/wp-content\/uploads\/2022\/10\/Magazin_nM.jpg 1038w\" sizes=\"(max-width: 1024px) 100vw, 1024px\" \/>\t\t\t\t\t\t\t\t\t\t\t\t\t\t\t<\/div>\n\t\t\t\t<\/div>\n\t\t\t\t<div class=\"elementor-element elementor-element-b0b30b9 elementor-widget__width-initial elementor-widget elementor-widget-text-editor\" data-id=\"b0b30b9\" data-element_type=\"widget\" data-widget_type=\"text-editor.default\">\n\t\t\t\t<div class=\"elementor-widget-container\">\n\t\t\t\t\t\t\t\t\t<p>Seit 2012 sind wir im Zweckbau-Magazin am Baselmattweg 2, Allschwil. Das Geb\u00e4ude beinhaltet alles was wir f\u00fcr unsere Eins\u00e4tze ben\u00f6tigen.<\/p><div dir=\"ltr\">Es umfasst nebst der Fahrzeughalle und den Garderoben auch einen Waschplatz, eine Sauber- sowie eine Schmutzwerkstatt. Im Atemschutzraum erstellen wir die Einsatzbereitschaft s\u00e4mtlicher Atemschutzger\u00e4tschaften. Im ersten Stock befinden sich nebst den Sanit\u00e4rr\u00e4umen ein Schulungsraum, eine kleine K\u00fcche, ein Technikraum sowie ein Lagerraum f\u00fcr Verbrauchsmaterial.<\/div>\t\t\t\t\t\t\t\t<\/div>\n\t\t\t\t<\/div>\n\t\t\t\t\t<\/div>\n\t\t<\/div>\n\t\t\t\t\t<\/div>\n\t\t<\/section>\n\t\t\t\t<section class=\"elementor-section elementor-top-section elementor-element elementor-element-3d7eb0b elementor-section-boxed elementor-section-height-default elementor-section-height-default\" data-id=\"3d7eb0b\" data-element_type=\"section\">\n\t\t\t\t\t\t<div class=\"elementor-container elementor-column-gap-default\">\n\t\t\t\t\t<div class=\"elementor-column elementor-col-100 elementor-top-column elementor-element elementor-element-b3b7f7f\" data-id=\"b3b7f7f\" data-element_type=\"column\">\n\t\t\t<div class=\"elementor-widget-wrap elementor-element-populated\">\n\t\t\t\t\t\t<div class=\"elementor-element elementor-element-a5027d2 elementor-widget elementor-widget-text-editor\" data-id=\"a5027d2\" data-element_type=\"widget\" data-widget_type=\"text-editor.default\">\n\t\t\t\t<div class=\"elementor-widget-container\">\n\t\t\t\t\t\t\t\t\t<p>Die Gemeinde Sch\u00f6nenbuch stellt ihr Magazin, in der Zollstrasse 5, inklusive der eigenen Einsatzmittel der Verbundfeuerwehr zu Verf\u00fcgung. Im Magazin ist das Tankl\u00f6schfahrzeug &#8220;Ameise&#8221; und ein Mannschaftstransporter stationiert. Weiterhin hat es einen Umkleide- und Aufenthaltsraum.<\/p>\t\t\t\t\t\t\t\t<\/div>\n\t\t\t\t<\/div>\n\t\t\t\t<div class=\"elementor-element elementor-element-fcb9700 elementor-widget elementor-widget-image-gallery\" data-id=\"fcb9700\" data-element_type=\"widget\" data-widget_type=\"image-gallery.default\">\n\t\t\t\t<div class=\"elementor-widget-container\">\n\t\t\t\t\t\t\t<div class=\"elementor-image-gallery\">\n\t\t\t\n\t\t<style type=\"text\/css\">\n\t\t\t#gallery-1 {\n\t\t\t\tmargin: auto;\n\t\t\t}\n\t\t\t#gallery-1 .gallery-item {\n\t\t\t\tfloat: left;\n\t\t\t\tmargin-top: 10px;\n\t\t\t\ttext-align: center;\n\t\t\t\twidth: 25%;\n\t\t\t}\n\t\t\t#gallery-1 img {\n\t\t\t\tborder: 2px solid #cfcfcf;\n\t\t\t}\n\t\t\t#gallery-1 .gallery-caption {\n\t\t\t\tmargin-left: 0;\n\t\t\t}\n\t\t\t\/* see gallery_shortcode() in wp-includes\/media.php *\/\n\t\t<\/style>\n\t\t<div id='gallery-1' class='gallery galleryid-344 gallery-columns-4 gallery-size-thumbnail'><dl class='gallery-item'>\n\t\t\t<dt class='gallery-icon portrait'>\n\t\t\t\t<a data-elementor-open-lightbox=\"yes\" data-elementor-lightbox-slideshow=\"fcb9700\" data-elementor-lightbox-title=\"Fahrzeughalle\" data-e-action-hash=\"#elementor-action%3Aaction%3Dlightbox%26settings%3DeyJpZCI6MzQ3LCJ1cmwiOiJodHRwczpcL1wvZndhbGxzY2h3aWwuY2hcL1dQTmV3XC93cC1jb250ZW50XC91cGxvYWRzXC8yMDIyXC8xMFwvRmFocnpldWdoYWxsZV9uTS5qcGciLCJzbGlkZXNob3ciOiJmY2I5NzAwIn0%3D\" href='https:\/\/fwallschwil.ch\/WPNew\/wp-content\/uploads\/2022\/10\/Fahrzeughalle_nM.jpg'><img decoding=\"async\" width=\"150\" height=\"150\" src=\"https:\/\/fwallschwil.ch\/WPNew\/wp-content\/uploads\/2022\/10\/Fahrzeughalle_nM-150x150.jpg\" class=\"attachment-thumbnail size-thumbnail\" alt=\"\" aria-describedby=\"gallery-1-347\" \/><\/a>\n\t\t\t<\/dt>\n\t\t\t\t<dd class='wp-caption-text gallery-caption' id='gallery-1-347'>\n\t\t\t\tFahrzeughalle\n\t\t\t\t<\/dd><\/dl><dl class='gallery-item'>\n\t\t\t<dt class='gallery-icon portrait'>\n\t\t\t\t<a data-elementor-open-lightbox=\"yes\" data-elementor-lightbox-slideshow=\"fcb9700\" data-elementor-lightbox-title=\"Garderoben\" data-e-action-hash=\"#elementor-action%3Aaction%3Dlightbox%26settings%3DeyJpZCI6MzQ5LCJ1cmwiOiJodHRwczpcL1wvZndhbGxzY2h3aWwuY2hcL1dQTmV3XC93cC1jb250ZW50XC91cGxvYWRzXC8yMDIyXC8xMFwvR2FyZGVyb2JlX25NLmpwZyIsInNsaWRlc2hvdyI6ImZjYjk3MDAifQ%3D%3D\" href='https:\/\/fwallschwil.ch\/WPNew\/wp-content\/uploads\/2022\/10\/Garderobe_nM.jpg'><img decoding=\"async\" width=\"150\" height=\"150\" src=\"https:\/\/fwallschwil.ch\/WPNew\/wp-content\/uploads\/2022\/10\/Garderobe_nM-150x150.jpg\" class=\"attachment-thumbnail size-thumbnail\" alt=\"\" aria-describedby=\"gallery-1-349\" \/><\/a>\n\t\t\t<\/dt>\n\t\t\t\t<dd class='wp-caption-text gallery-caption' id='gallery-1-349'>\n\t\t\t\tGarderoben\n\t\t\t\t<\/dd><\/dl><dl class='gallery-item'>\n\t\t\t<dt class='gallery-icon landscape'>\n\t\t\t\t<a data-elementor-open-lightbox=\"yes\" data-elementor-lightbox-slideshow=\"fcb9700\" data-elementor-lightbox-title=\"Funkraum\" data-e-action-hash=\"#elementor-action%3Aaction%3Dlightbox%26settings%3DeyJpZCI6MjI2NSwidXJsIjoiaHR0cHM6XC9cL2Z3YWxsc2Nod2lsLmNoXC9XUE5ld1wvd3AtY29udGVudFwvdXBsb2Fkc1wvMjAyM1wvMTBcLzg1MF8wMzc4LmpwZyIsInNsaWRlc2hvdyI6ImZjYjk3MDAifQ%3D%3D\" href='https:\/\/fwallschwil.ch\/WPNew\/wp-content\/uploads\/2023\/10\/850_0378.jpg'><img loading=\"lazy\" decoding=\"async\" width=\"150\" height=\"150\" src=\"https:\/\/fwallschwil.ch\/WPNew\/wp-content\/uploads\/2023\/10\/850_0378-150x150.jpg\" class=\"attachment-thumbnail size-thumbnail\" alt=\"\" aria-describedby=\"gallery-1-2265\" \/><\/a>\n\t\t\t<\/dt>\n\t\t\t\t<dd class='wp-caption-text gallery-caption' id='gallery-1-2265'>\n\t\t\t\tFunkraum\n\t\t\t\t<\/dd><\/dl><dl class='gallery-item'>\n\t\t\t<dt class='gallery-icon landscape'>\n\t\t\t\t<a data-elementor-open-lightbox=\"yes\" data-elementor-lightbox-slideshow=\"fcb9700\" data-elementor-lightbox-title=\"Kommandoraum\" data-e-action-hash=\"#elementor-action%3Aaction%3Dlightbox%26settings%3DeyJpZCI6MjI2NiwidXJsIjoiaHR0cHM6XC9cL2Z3YWxsc2Nod2lsLmNoXC9XUE5ld1wvd3AtY29udGVudFwvdXBsb2Fkc1wvMjAyM1wvMTBcLzg1MF8wMzc5LmpwZyIsInNsaWRlc2hvdyI6ImZjYjk3MDAifQ%3D%3D\" href='https:\/\/fwallschwil.ch\/WPNew\/wp-content\/uploads\/2023\/10\/850_0379.jpg'><img loading=\"lazy\" decoding=\"async\" width=\"150\" height=\"150\" src=\"https:\/\/fwallschwil.ch\/WPNew\/wp-content\/uploads\/2023\/10\/850_0379-150x150.jpg\" class=\"attachment-thumbnail size-thumbnail\" alt=\"\" aria-describedby=\"gallery-1-2266\" \/><\/a>\n\t\t\t<\/dt>\n\t\t\t\t<dd class='wp-caption-text gallery-caption' id='gallery-1-2266'>\n\t\t\t\tKommandoraum\n\t\t\t\t<\/dd><\/dl><br style=\"clear: both\" \/><dl class='gallery-item'>\n\t\t\t<dt class='gallery-icon landscape'>\n\t\t\t\t<a data-elementor-open-lightbox=\"yes\" data-elementor-lightbox-slideshow=\"fcb9700\" data-elementor-lightbox-title=\"K\u00fcche\" data-e-action-hash=\"#elementor-action%3Aaction%3Dlightbox%26settings%3DeyJpZCI6MjI2OCwidXJsIjoiaHR0cHM6XC9cL2Z3YWxsc2Nod2lsLmNoXC9XUE5ld1wvd3AtY29udGVudFwvdXBsb2Fkc1wvMjAyM1wvMTBcLzg1MF8wMzkwLmpwZyIsInNsaWRlc2hvdyI6ImZjYjk3MDAifQ%3D%3D\" href='https:\/\/fwallschwil.ch\/WPNew\/wp-content\/uploads\/2023\/10\/850_0390.jpg'><img loading=\"lazy\" decoding=\"async\" width=\"150\" height=\"150\" src=\"https:\/\/fwallschwil.ch\/WPNew\/wp-content\/uploads\/2023\/10\/850_0390-150x150.jpg\" class=\"attachment-thumbnail size-thumbnail\" alt=\"\" aria-describedby=\"gallery-1-2268\" \/><\/a>\n\t\t\t<\/dt>\n\t\t\t\t<dd class='wp-caption-text gallery-caption' id='gallery-1-2268'>\n\t\t\t\tK\u00fcche\n\t\t\t\t<\/dd><\/dl><dl class='gallery-item'>\n\t\t\t<dt class='gallery-icon landscape'>\n\t\t\t\t<a data-elementor-open-lightbox=\"yes\" data-elementor-lightbox-slideshow=\"fcb9700\" data-elementor-lightbox-title=\"Theoriesaal\" data-e-action-hash=\"#elementor-action%3Aaction%3Dlightbox%26settings%3DeyJpZCI6MjI2OSwidXJsIjoiaHR0cHM6XC9cL2Z3YWxsc2Nod2lsLmNoXC9XUE5ld1wvd3AtY29udGVudFwvdXBsb2Fkc1wvMjAyM1wvMTBcLzg1MF8wMzkxLmpwZyIsInNsaWRlc2hvdyI6ImZjYjk3MDAifQ%3D%3D\" href='https:\/\/fwallschwil.ch\/WPNew\/wp-content\/uploads\/2023\/10\/850_0391.jpg'><img loading=\"lazy\" decoding=\"async\" width=\"150\" height=\"150\" src=\"https:\/\/fwallschwil.ch\/WPNew\/wp-content\/uploads\/2023\/10\/850_0391-150x150.jpg\" class=\"attachment-thumbnail size-thumbnail\" alt=\"\" aria-describedby=\"gallery-1-2269\" \/><\/a>\n\t\t\t<\/dt>\n\t\t\t\t<dd class='wp-caption-text gallery-caption' id='gallery-1-2269'>\n\t\t\t\tTheoriesaal\n\t\t\t\t<\/dd><\/dl><dl class='gallery-item'>\n\t\t\t<dt class='gallery-icon landscape'>\n\t\t\t\t<a data-elementor-open-lightbox=\"yes\" data-elementor-lightbox-slideshow=\"fcb9700\" data-elementor-lightbox-title=\"Jugend-Feuerwehr\" data-e-action-hash=\"#elementor-action%3Aaction%3Dlightbox%26settings%3DeyJpZCI6MjI3MCwidXJsIjoiaHR0cHM6XC9cL2Z3YWxsc2Nod2lsLmNoXC9XUE5ld1wvd3AtY29udGVudFwvdXBsb2Fkc1wvMjAyM1wvMTBcLzg1MF8wNDEzLmpwZyIsInNsaWRlc2hvdyI6ImZjYjk3MDAifQ%3D%3D\" href='https:\/\/fwallschwil.ch\/WPNew\/wp-content\/uploads\/2023\/10\/850_0413.jpg'><img loading=\"lazy\" decoding=\"async\" width=\"150\" height=\"150\" src=\"https:\/\/fwallschwil.ch\/WPNew\/wp-content\/uploads\/2023\/10\/850_0413-150x150.jpg\" class=\"attachment-thumbnail size-thumbnail\" alt=\"\" aria-describedby=\"gallery-1-2270\" \/><\/a>\n\t\t\t<\/dt>\n\t\t\t\t<dd class='wp-caption-text gallery-caption' id='gallery-1-2270'>\n\t\t\t\tJugend-Feuerwehr\n\t\t\t\t<\/dd><\/dl>\n\t\t\t<br style='clear: both' \/>\n\t\t<\/div>\n\t\t<\/div>\n\t\t\t\t\t\t<\/div>\n\t\t\t\t<\/div>\n\t\t\t\t<div class=\"elementor-element elementor-element-85e1975 elementor-widget elementor-widget-image\" data-id=\"85e1975\" data-element_type=\"widget\" data-widget_type=\"image.default\">\n\t\t\t\t<div class=\"elementor-widget-container\">\n\t\t\t\t\t\t\t\t\t\t\t\t\t\t\t<img loading=\"lazy\" decoding=\"async\" width=\"486\" height=\"364\" src=\"https:\/\/fwallschwil.ch\/WPNew\/wp-content\/uploads\/2022\/12\/Magazin-Schoenenbuch.jpg\" class=\"attachment-large size-large wp-image-1720\" alt=\"\" srcset=\"https:\/\/fwallschwil.ch\/WPNew\/wp-content\/uploads\/2022\/12\/Magazin-Schoenenbuch.jpg 486w, https:\/\/fwallschwil.ch\/WPNew\/wp-content\/uploads\/2022\/12\/Magazin-Schoenenbuch-300x225.jpg 300w\" sizes=\"(max-width: 486px) 100vw, 486px\" \/>\t\t\t\t\t\t\t\t\t\t\t\t\t\t\t<\/div>\n\t\t\t\t<\/div>\n\t\t\t\t\t<\/div>\n\t\t<\/div>\n\t\t\t\t\t<\/div>\n\t\t<\/section>\n\t\t\t\t<\/div>\n\t\t","protected":false},"excerpt":{"rendered":"<p>Seit 2012 sind wir im Zweckbau-Magazin am Baselmattweg 2, Allschwil. Das Geb\u00e4ude beinhaltet alles was wir f\u00fcr unsere Eins\u00e4tze ben\u00f6tigen. Es umfasst nebst der Fahrzeughalle und den Garderoben auch einen Waschplatz, eine Sauber- sowie eine Schmutzwerkstatt. Im Atemschutzraum erstellen wir die Einsatzbereitschaft s\u00e4mtlicher Atemschutzger\u00e4tschaften. Im ersten Stock befinden sich nebst den Sanit\u00e4rr\u00e4umen ein Schulungsraum, eine [&hellip;]<\/p>\n","protected":false},"author":1,"featured_media":0,"parent":0,"menu_order":0,"comment_status":"closed","ping_status":"closed","template":"","meta":{"footnotes":""},"class_list":["post-344","page","type-page","status-publish","hentry"],"yoast_head":"<!-- This site is optimized with the Yoast SEO plugin v26.2 - https:\/\/yoast.com\/wordpress\/plugins\/seo\/ -->\n<title>Magazin - Feuerwehr Allschwil-Sch\u00f6nenbuch<\/title>\n<meta name=\"robots\" content=\"index, follow, max-snippet:-1, max-image-preview:large, max-video-preview:-1\" \/>\n<link rel=\"canonical\" href=\"https:\/\/fwallschwil.ch\/WPNew\/magazin\/\" \/>\n<meta property=\"og:locale\" content=\"de_DE\" \/>\n<meta property=\"og:type\" content=\"article\" \/>\n<meta property=\"og:title\" content=\"Magazin - Feuerwehr Allschwil-Sch\u00f6nenbuch\" \/>\n<meta property=\"og:description\" content=\"Seit 2012 sind wir im Zweckbau-Magazin am Baselmattweg 2, Allschwil. Das Geb\u00e4ude beinhaltet alles was wir f\u00fcr unsere Eins\u00e4tze ben\u00f6tigen. Es umfasst nebst der Fahrzeughalle und den Garderoben auch einen Waschplatz, eine Sauber- sowie eine Schmutzwerkstatt. Im Atemschutzraum erstellen wir die Einsatzbereitschaft s\u00e4mtlicher Atemschutzger\u00e4tschaften. Im ersten Stock befinden sich nebst den Sanit\u00e4rr\u00e4umen ein Schulungsraum, eine [&hellip;]\" \/>\n<meta property=\"og:url\" content=\"https:\/\/fwallschwil.ch\/WPNew\/magazin\/\" \/>\n<meta property=\"og:site_name\" content=\"Feuerwehr Allschwil-Sch\u00f6nenbuch\" \/>\n<meta property=\"article:modified_time\" content=\"2023-10-19T19:29:55+00:00\" \/>\n<meta property=\"og:image\" content=\"https:\/\/fwallschwil.ch\/WPNew\/wp-content\/uploads\/2022\/10\/Magazin_nM-1024x324.jpg\" \/>\n<meta name=\"twitter:card\" content=\"summary_large_image\" \/>\n<meta name=\"twitter:label1\" content=\"Gesch\u00e4tzte Lesezeit\" \/>\n\t<meta name=\"twitter:data1\" content=\"1\u00a0Minute\" \/>\n<script type=\"application\/ld+json\" class=\"yoast-schema-graph\">{\"@context\":\"https:\/\/schema.org\",\"@graph\":[{\"@type\":\"WebPage\",\"@id\":\"https:\/\/fwallschwil.ch\/WPNew\/magazin\/\",\"url\":\"https:\/\/fwallschwil.ch\/WPNew\/magazin\/\",\"name\":\"Magazin - Feuerwehr Allschwil-Sch\u00f6nenbuch\",\"isPartOf\":{\"@id\":\"https:\/\/fwallschwil.ch\/WPNew\/#website\"},\"primaryImageOfPage\":{\"@id\":\"https:\/\/fwallschwil.ch\/WPNew\/magazin\/#primaryimage\"},\"image\":{\"@id\":\"https:\/\/fwallschwil.ch\/WPNew\/magazin\/#primaryimage\"},\"thumbnailUrl\":\"https:\/\/fwallschwil.ch\/WPNew\/wp-content\/uploads\/2022\/10\/Magazin_nM-1024x324.jpg\",\"datePublished\":\"2022-10-18T20:22:34+00:00\",\"dateModified\":\"2023-10-19T19:29:55+00:00\",\"breadcrumb\":{\"@id\":\"https:\/\/fwallschwil.ch\/WPNew\/magazin\/#breadcrumb\"},\"inLanguage\":\"de\",\"potentialAction\":[{\"@type\":\"ReadAction\",\"target\":[\"https:\/\/fwallschwil.ch\/WPNew\/magazin\/\"]}]},{\"@type\":\"ImageObject\",\"inLanguage\":\"de\",\"@id\":\"https:\/\/fwallschwil.ch\/WPNew\/magazin\/#primaryimage\",\"url\":\"https:\/\/fwallschwil.ch\/WPNew\/wp-content\/uploads\/2022\/10\/Magazin_nM.jpg\",\"contentUrl\":\"https:\/\/fwallschwil.ch\/WPNew\/wp-content\/uploads\/2022\/10\/Magazin_nM.jpg\",\"width\":1038,\"height\":328},{\"@type\":\"BreadcrumbList\",\"@id\":\"https:\/\/fwallschwil.ch\/WPNew\/magazin\/#breadcrumb\",\"itemListElement\":[{\"@type\":\"ListItem\",\"position\":1,\"name\":\"Startseite\",\"item\":\"https:\/\/fwallschwil.ch\/WPNew\/\"},{\"@type\":\"ListItem\",\"position\":2,\"name\":\"Magazin\"}]},{\"@type\":\"WebSite\",\"@id\":\"https:\/\/fwallschwil.ch\/WPNew\/#website\",\"url\":\"https:\/\/fwallschwil.ch\/WPNew\/\",\"name\":\"Feuerwehr Allschwil-Sch\u00f6nenbuch\",\"description\":\"Die Webseite der Feuerwehr Allschwil-Sch\u00f6nenbuch\",\"publisher\":{\"@id\":\"https:\/\/fwallschwil.ch\/WPNew\/#organization\"},\"potentialAction\":[{\"@type\":\"SearchAction\",\"target\":{\"@type\":\"EntryPoint\",\"urlTemplate\":\"https:\/\/fwallschwil.ch\/WPNew\/?s={search_term_string}\"},\"query-input\":{\"@type\":\"PropertyValueSpecification\",\"valueRequired\":true,\"valueName\":\"search_term_string\"}}],\"inLanguage\":\"de\"},{\"@type\":\"Organization\",\"@id\":\"https:\/\/fwallschwil.ch\/WPNew\/#organization\",\"name\":\"Feuerwehr Allschwil-Sch\u00f6nenbuch\",\"url\":\"https:\/\/fwallschwil.ch\/WPNew\/\",\"logo\":{\"@type\":\"ImageObject\",\"inLanguage\":\"de\",\"@id\":\"https:\/\/fwallschwil.ch\/WPNew\/#\/schema\/logo\/image\/\",\"url\":\"https:\/\/fwallschwil.ch\/WPNew\/wp-content\/uploads\/2022\/04\/850_0019-copy.jpg\",\"contentUrl\":\"https:\/\/fwallschwil.ch\/WPNew\/wp-content\/uploads\/2022\/04\/850_0019-copy.jpg\",\"width\":120,\"height\":90,\"caption\":\"Feuerwehr Allschwil-Sch\u00f6nenbuch\"},\"image\":{\"@id\":\"https:\/\/fwallschwil.ch\/WPNew\/#\/schema\/logo\/image\/\"}}]}<\/script>\n<!-- \/ Yoast SEO plugin. -->","yoast_head_json":{"title":"Magazin - Feuerwehr Allschwil-Sch\u00f6nenbuch","robots":{"index":"index","follow":"follow","max-snippet":"max-snippet:-1","max-image-preview":"max-image-preview:large","max-video-preview":"max-video-preview:-1"},"canonical":"https:\/\/fwallschwil.ch\/WPNew\/magazin\/","og_locale":"de_DE","og_type":"article","og_title":"Magazin - Feuerwehr Allschwil-Sch\u00f6nenbuch","og_description":"Seit 2012 sind wir im Zweckbau-Magazin am Baselmattweg 2, Allschwil. Das Geb\u00e4ude beinhaltet alles was wir f\u00fcr unsere Eins\u00e4tze ben\u00f6tigen. Es umfasst nebst der Fahrzeughalle und den Garderoben auch einen Waschplatz, eine Sauber- sowie eine Schmutzwerkstatt. Im Atemschutzraum erstellen wir die Einsatzbereitschaft s\u00e4mtlicher Atemschutzger\u00e4tschaften. Im ersten Stock befinden sich nebst den Sanit\u00e4rr\u00e4umen ein Schulungsraum, eine [&hellip;]","og_url":"https:\/\/fwallschwil.ch\/WPNew\/magazin\/","og_site_name":"Feuerwehr Allschwil-Sch\u00f6nenbuch","article_modified_time":"2023-10-19T19:29:55+00:00","og_image":[{"url":"https:\/\/fwallschwil.ch\/WPNew\/wp-content\/uploads\/2022\/10\/Magazin_nM-1024x324.jpg","type":"","width":"","height":""}],"twitter_card":"summary_large_image","twitter_misc":{"Gesch\u00e4tzte Lesezeit":"1\u00a0Minute"},"schema":{"@context":"https:\/\/schema.org","@graph":[{"@type":"WebPage","@id":"https:\/\/fwallschwil.ch\/WPNew\/magazin\/","url":"https:\/\/fwallschwil.ch\/WPNew\/magazin\/","name":"Magazin - Feuerwehr Allschwil-Sch\u00f6nenbuch","isPartOf":{"@id":"https:\/\/fwallschwil.ch\/WPNew\/#website"},"primaryImageOfPage":{"@id":"https:\/\/fwallschwil.ch\/WPNew\/magazin\/#primaryimage"},"image":{"@id":"https:\/\/fwallschwil.ch\/WPNew\/magazin\/#primaryimage"},"thumbnailUrl":"https:\/\/fwallschwil.ch\/WPNew\/wp-content\/uploads\/2022\/10\/Magazin_nM-1024x324.jpg","datePublished":"2022-10-18T20:22:34+00:00","dateModified":"2023-10-19T19:29:55+00:00","breadcrumb":{"@id":"https:\/\/fwallschwil.ch\/WPNew\/magazin\/#breadcrumb"},"inLanguage":"de","potentialAction":[{"@type":"ReadAction","target":["https:\/\/fwallschwil.ch\/WPNew\/magazin\/"]}]},{"@type":"ImageObject","inLanguage":"de","@id":"https:\/\/fwallschwil.ch\/WPNew\/magazin\/#primaryimage","url":"https:\/\/fwallschwil.ch\/WPNew\/wp-content\/uploads\/2022\/10\/Magazin_nM.jpg","contentUrl":"https:\/\/fwallschwil.ch\/WPNew\/wp-content\/uploads\/2022\/10\/Magazin_nM.jpg","width":1038,"height":328},{"@type":"BreadcrumbList","@id":"https:\/\/fwallschwil.ch\/WPNew\/magazin\/#breadcrumb","itemListElement":[{"@type":"ListItem","position":1,"name":"Startseite","item":"https:\/\/fwallschwil.ch\/WPNew\/"},{"@type":"ListItem","position":2,"name":"Magazin"}]},{"@type":"WebSite","@id":"https:\/\/fwallschwil.ch\/WPNew\/#website","url":"https:\/\/fwallschwil.ch\/WPNew\/","name":"Feuerwehr Allschwil-Sch\u00f6nenbuch","description":"Die Webseite der Feuerwehr Allschwil-Sch\u00f6nenbuch","publisher":{"@id":"https:\/\/fwallschwil.ch\/WPNew\/#organization"},"potentialAction":[{"@type":"SearchAction","target":{"@type":"EntryPoint","urlTemplate":"https:\/\/fwallschwil.ch\/WPNew\/?s={search_term_string}"},"query-input":{"@type":"PropertyValueSpecification","valueRequired":true,"valueName":"search_term_string"}}],"inLanguage":"de"},{"@type":"Organization","@id":"https:\/\/fwallschwil.ch\/WPNew\/#organization","name":"Feuerwehr Allschwil-Sch\u00f6nenbuch","url":"https:\/\/fwallschwil.ch\/WPNew\/","logo":{"@type":"ImageObject","inLanguage":"de","@id":"https:\/\/fwallschwil.ch\/WPNew\/#\/schema\/logo\/image\/","url":"https:\/\/fwallschwil.ch\/WPNew\/wp-content\/uploads\/2022\/04\/850_0019-copy.jpg","contentUrl":"https:\/\/fwallschwil.ch\/WPNew\/wp-content\/uploads\/2022\/04\/850_0019-copy.jpg","width":120,"height":90,"caption":"Feuerwehr Allschwil-Sch\u00f6nenbuch"},"image":{"@id":"https:\/\/fwallschwil.ch\/WPNew\/#\/schema\/logo\/image\/"}}]}},"_links":{"self":[{"href":"https:\/\/fwallschwil.ch\/WPNew\/wp-json\/wp\/v2\/pages\/344","targetHints":{"allow":["GET"]}}],"collection":[{"href":"https:\/\/fwallschwil.ch\/WPNew\/wp-json\/wp\/v2\/pages"}],"about":[{"href":"https:\/\/fwallschwil.ch\/WPNew\/wp-json\/wp\/v2\/types\/page"}],"author":[{"embeddable":true,"href":"https:\/\/fwallschwil.ch\/WPNew\/wp-json\/wp\/v2\/users\/1"}],"replies":[{"embeddable":true,"href":"https:\/\/fwallschwil.ch\/WPNew\/wp-json\/wp\/v2\/comments?post=344"}],"version-history":[{"count":34,"href":"https:\/\/fwallschwil.ch\/WPNew\/wp-json\/wp\/v2\/pages\/344\/revisions"}],"predecessor-version":[{"id":2328,"href":"https:\/\/fwallschwil.ch\/WPNew\/wp-json\/wp\/v2\/pages\/344\/revisions\/2328"}],"wp:attachment":[{"href":"https:\/\/fwallschwil.ch\/WPNew\/wp-json\/wp\/v2\/media?parent=344"}],"curies":[{"name":"wp","href":"https:\/\/api.w.org\/{rel}","templated":true}]}}