{"id":44,"date":"2022-04-20T23:31:18","date_gmt":"2022-04-20T21:31:18","guid":{"rendered":"https:\/\/fwallschwil.ch\/WPNew\/?page_id=44"},"modified":"2025-11-03T11:24:59","modified_gmt":"2025-11-03T10:24:59","slug":"startseite","status":"publish","type":"page","link":"https:\/\/fwallschwil.ch\/WPNew\/","title":{"rendered":"Startseite"},"content":{"rendered":"\t\t<div data-elementor-type=\"wp-page\" data-elementor-id=\"44\" class=\"elementor elementor-44\">\n\t\t\t\t\t\t<section class=\"elementor-section elementor-top-section elementor-element elementor-element-61d3056 elementor-section-boxed elementor-section-height-default elementor-section-height-default\" data-id=\"61d3056\" data-element_type=\"section\">\n\t\t\t\t\t\t<div class=\"elementor-container elementor-column-gap-default\">\n\t\t\t\t\t<div class=\"elementor-column elementor-col-100 elementor-top-column elementor-element elementor-element-6f9b48c\" data-id=\"6f9b48c\" data-element_type=\"column\">\n\t\t\t<div class=\"elementor-widget-wrap elementor-element-populated\">\n\t\t\t\t\t\t<section class=\"elementor-section elementor-inner-section elementor-element elementor-element-6d78ad5 elementor-section-boxed elementor-section-height-default elementor-section-height-default\" data-id=\"6d78ad5\" data-element_type=\"section\">\n\t\t\t\t\t\t<div class=\"elementor-container elementor-column-gap-default\">\n\t\t\t\t\t<div class=\"elementor-column elementor-col-50 elementor-inner-column elementor-element elementor-element-cf6fcfb\" data-id=\"cf6fcfb\" data-element_type=\"column\">\n\t\t\t<div class=\"elementor-widget-wrap elementor-element-populated\">\n\t\t\t\t\t\t<div class=\"elementor-element elementor-element-21d926d elementor-widget elementor-widget-text-editor\" data-id=\"21d926d\" data-element_type=\"widget\" data-widget_type=\"text-editor.default\">\n\t\t\t\t<div class=\"elementor-widget-container\">\n\t\t\t\t\t\t\t\t\t<p><strong>Wer sind wir?<\/strong><br>Wir sind 24 Stunden am Tag und 7 Tage die Woche einsatzbereit.<br>Rund 65 motivierte und engagierte Frauen und M\u00e4nnern bilden ein starkes Team. Auf freiwilliger Basis sind sie rund um die Uhr \u2013 an 365 Tagen \u2013 f\u00fcr Ihre Sicherheit besorgt. Sie leistet pro Jahr \u00fcber 100 Eins\u00e4tze.<\/p>\t\t\t\t\t\t\t\t<\/div>\n\t\t\t\t<\/div>\n\t\t\t\t<div class=\"elementor-element elementor-element-00b6f41 elementor-widget elementor-widget-text-editor\" data-id=\"00b6f41\" data-element_type=\"widget\" data-widget_type=\"text-editor.default\">\n\t\t\t\t<div class=\"elementor-widget-container\">\n\t\t\t\t\t\t\t\t\t<p>Aktueller Wetteralarm sowie Informationen zur akuten Waldbrandgefahr finden Sie <a href=\"https:\/\/www.alert.swiss\/\" target=\"_blank\" rel=\"noopener\">hier<\/a>.<\/p>\t\t\t\t\t\t\t\t<\/div>\n\t\t\t\t<\/div>\n\t\t\t\t\t<\/div>\n\t\t<\/div>\n\t\t\t\t<div class=\"elementor-column elementor-col-50 elementor-inner-column elementor-element elementor-element-50e7e73\" data-id=\"50e7e73\" data-element_type=\"column\">\n\t\t\t<div class=\"elementor-widget-wrap elementor-element-populated\">\n\t\t\t\t\t\t<div class=\"elementor-element elementor-element-2214e40 elementor-arrows-position-inside elementor-pagination-position-outside elementor-widget elementor-widget-image-carousel\" data-id=\"2214e40\" data-element_type=\"widget\" data-settings=\"{&quot;navigation&quot;:&quot;both&quot;,&quot;autoplay&quot;:&quot;yes&quot;,&quot;pause_on_hover&quot;:&quot;yes&quot;,&quot;pause_on_interaction&quot;:&quot;yes&quot;,&quot;autoplay_speed&quot;:5000,&quot;infinite&quot;:&quot;yes&quot;,&quot;speed&quot;:500}\" data-widget_type=\"image-carousel.default\">\n\t\t\t\t<div class=\"elementor-widget-container\">\n\t\t\t\t\t\t\t<div class=\"elementor-image-carousel-wrapper swiper\" role=\"region\" aria-roledescription=\"carousel\" aria-label=\"Bild Karussell\" dir=\"ltr\">\n\t\t\t<div class=\"elementor-image-carousel swiper-wrapper\" aria-live=\"off\">\n\t\t\t\t\t\t\t\t<div class=\"swiper-slide\" role=\"group\" aria-roledescription=\"slide\" aria-label=\"1 von 3\"><figure class=\"swiper-slide-inner\"><img decoding=\"async\" class=\"swiper-slide-image\" src=\"https:\/\/fwallschwil.ch\/WPNew\/wp-content\/uploads\/2022\/04\/fwas-150x150.jpeg\" alt=\"fwas\" \/><\/figure><\/div><div class=\"swiper-slide\" role=\"group\" aria-roledescription=\"slide\" aria-label=\"2 von 3\"><figure class=\"swiper-slide-inner\"><img decoding=\"async\" class=\"swiper-slide-image\" src=\"https:\/\/fwallschwil.ch\/WPNew\/wp-content\/uploads\/2022\/10\/1-150x150.jpg\" alt=\"1\" \/><\/figure><\/div><div class=\"swiper-slide\" role=\"group\" aria-roledescription=\"slide\" aria-label=\"3 von 3\"><figure class=\"swiper-slide-inner\"><img decoding=\"async\" class=\"swiper-slide-image\" src=\"https:\/\/fwallschwil.ch\/WPNew\/wp-content\/uploads\/2022\/10\/2-150x150.jpg\" alt=\"2\" \/><\/figure><\/div>\t\t\t<\/div>\n\t\t\t\t\t\t\t\t\t\t\t\t<div class=\"elementor-swiper-button elementor-swiper-button-prev\" role=\"button\" tabindex=\"0\">\n\t\t\t\t\t\t<i aria-hidden=\"true\" class=\"eicon-chevron-left\"><\/i>\t\t\t\t\t<\/div>\n\t\t\t\t\t<div class=\"elementor-swiper-button elementor-swiper-button-next\" role=\"button\" tabindex=\"0\">\n\t\t\t\t\t\t<i aria-hidden=\"true\" class=\"eicon-chevron-right\"><\/i>\t\t\t\t\t<\/div>\n\t\t\t\t\n\t\t\t\t\t\t\t\t\t<div class=\"swiper-pagination\"><\/div>\n\t\t\t\t\t\t\t\t\t<\/div>\n\t\t\t\t\t\t<\/div>\n\t\t\t\t<\/div>\n\t\t\t\t<div class=\"elementor-element elementor-element-b4c45cc elementor-widget elementor-widget-shortcode\" data-id=\"b4c45cc\" data-element_type=\"widget\" data-widget_type=\"shortcode.default\">\n\t\t\t\t<div class=\"elementor-widget-container\">\n\t\t\t\t\t\t\t<div class=\"elementor-shortcode\"><b>Letzer Einsatz:<\/b>\n <br>\n\n\n<style>.fh_table td {\r\nfont-size: 20px;\r\n}\r\n\r\n.fh_table td, .fh_table th {\r\nborder:none;\r\n}\r\n\r\n.fh_table tbody tr:nth-child(even){\r\n  background-color: #f9f9f9;\r\n  color: #000;\r\n}\r\n\r\n.fh_table_latest img {\r\nwidth: 35px;\r\n}\r\n.fh_table img {\r\nwidth: 20px;\r\n}\r\n\r\n.fh_table thead th {\r\n    background-color: #d9edf7;\r\n    font-weight: 700;\r\n    vertical-align: middle;\r\n    font-weight: bold;\r\n}\r\n\r\n.fh_table thead th {\r\n    border-bottom: 1px solid #ddd;\r\n}\r\n\r\n.fh_table tbody td {\r\n    border-top: 1px solid #ddd;\r\n}<\/style><table class=\"fh_table_latest\"><tr class=\"fh_latest_icon\"><td colspan=2> <img decoding=\"async\" src=\"https:\/\/media.firehub.ch\/images\/medicine.png\"><\/tr><tr class=\"fh_latest_operation\"><td width=\"20%\">Einsatz:<\/td><td>Allschwil: Med Ust\u00fc dringlich<\/td><\/tr><tr class=\"fh_latest_date\"><td width=\"20%\">Datum:<\/td><td>11.04.2026 um 20:23 Uhr<\/td><\/tr><tr class=\"fh_latest_groups\"><td width=\"20%\">Gruppen:<\/td><td>Gruppe 1, Gruppe 5<\/td><\/tr><\/table><div style=\"overflow: hidden; max-width: 100%\"><p style=\"margin:0; float:left; color: grey\">Daten von <a href=\"https:\/\/firehub.ch\" target=\"_blank\">FireHub<\/a><\/p><\/div>\n\n<\/div>\n\t\t\t\t\t\t<\/div>\n\t\t\t\t<\/div>\n\t\t\t\t\t<\/div>\n\t\t<\/div>\n\t\t\t\t\t<\/div>\n\t\t<\/section>\n\t\t\t\t\t<\/div>\n\t\t<\/div>\n\t\t\t\t\t<\/div>\n\t\t<\/section>\n\t\t\t\t<section class=\"elementor-section elementor-top-section elementor-element elementor-element-da60982 elementor-section-boxed elementor-section-height-default elementor-section-height-default\" data-id=\"da60982\" data-element_type=\"section\">\n\t\t\t\t\t\t<div class=\"elementor-container elementor-column-gap-default\">\n\t\t\t\t\t<div class=\"elementor-column elementor-col-50 elementor-top-column elementor-element elementor-element-214384d\" data-id=\"214384d\" data-element_type=\"column\">\n\t\t\t<div class=\"elementor-widget-wrap elementor-element-populated\">\n\t\t\t\t\t\t<div class=\"elementor-element elementor-element-672c202 elementor-widget elementor-widget-text-editor\" data-id=\"672c202\" data-element_type=\"widget\" data-widget_type=\"text-editor.default\">\n\t\t\t\t<div class=\"elementor-widget-container\">\n\t\t\t\t\t\t\t\t\t<p><b>R\u00fcckblick Haupt\u00fcbung 2025<\/b><\/p><p>Am Samstag 25.10.2025 fand unsere j\u00e4hrliche Haupt\u00fcbung statt. Gerne verlinken wir hier den Bericht vom Allschwiler Wochenblatt.<\/p><p><a href=\"https:\/\/fwallschwil.ch\/WPNew\/wp-content\/uploads\/2025\/11\/awb-kw44-2025.pdf\" target=\"_blank\" rel=\"noopener\">Allschwiler Wochenblatt Ausgabe vom 31.10.2025 &#8211; Nr.44<\/a><\/p>\t\t\t\t\t\t\t\t<\/div>\n\t\t\t\t<\/div>\n\t\t\t\t\t<\/div>\n\t\t<\/div>\n\t\t\t\t<div class=\"elementor-column elementor-col-50 elementor-top-column elementor-element elementor-element-3a1a735\" data-id=\"3a1a735\" data-element_type=\"column\">\n\t\t\t<div class=\"elementor-widget-wrap elementor-element-populated\">\n\t\t\t\t\t\t<div class=\"elementor-element elementor-element-58906a8 elementor-widget elementor-widget-text-editor\" data-id=\"58906a8\" data-element_type=\"widget\" data-widget_type=\"text-editor.default\">\n\t\t\t\t<div class=\"elementor-widget-container\">\n\t\t\t\t\t\t\t\t\t<p><strong>Notfallnummern<br><\/strong>112&nbsp; Notruf<br>117&nbsp; Polizei<strong><br><\/strong>118&nbsp; Feuerwehr<br>144&nbsp; Rettung<br>145&nbsp; Tox Info Suisse<br>1414 Rega<\/p>\t\t\t\t\t\t\t\t<\/div>\n\t\t\t\t<\/div>\n\t\t\t\t\t<\/div>\n\t\t<\/div>\n\t\t\t\t\t<\/div>\n\t\t<\/section>\n\t\t\t\t<section class=\"elementor-section elementor-top-section elementor-element elementor-element-8b3b9cd elementor-section-boxed elementor-section-height-default elementor-section-height-default\" data-id=\"8b3b9cd\" data-element_type=\"section\">\n\t\t\t\t\t\t<div class=\"elementor-container elementor-column-gap-default\">\n\t\t\t\t\t<div class=\"elementor-column elementor-col-100 elementor-top-column elementor-element elementor-element-f6da67e\" data-id=\"f6da67e\" data-element_type=\"column\">\n\t\t\t<div class=\"elementor-widget-wrap elementor-element-populated\">\n\t\t\t\t\t\t<div class=\"elementor-element elementor-element-adcb8f0 elementor-widget elementor-widget-heading\" data-id=\"adcb8f0\" data-element_type=\"widget\" data-widget_type=\"heading.default\">\n\t\t\t\t<div class=\"elementor-widget-container\">\n\t\t\t\t\t<h2 class=\"elementor-heading-title elementor-size-default\"><a href=\"https:\/\/fwallschwil.ch\/WPNew\/kontakt\/\">M\u00f6chtest du ein Teil von uns sein? Wir brauchen dich!<\/a><\/h2>\t\t\t\t<\/div>\n\t\t\t\t<\/div>\n\t\t\t\t\t<\/div>\n\t\t<\/div>\n\t\t\t\t\t<\/div>\n\t\t<\/section>\n\t\t\t\t<section class=\"elementor-section elementor-top-section elementor-element elementor-element-bc42f3e elementor-section-boxed elementor-section-height-default elementor-section-height-default\" data-id=\"bc42f3e\" data-element_type=\"section\">\n\t\t\t\t\t\t<div class=\"elementor-container elementor-column-gap-default\">\n\t\t\t\t\t<div class=\"elementor-column elementor-col-100 elementor-top-column elementor-element elementor-element-fa40ef6\" data-id=\"fa40ef6\" data-element_type=\"column\">\n\t\t\t<div class=\"elementor-widget-wrap elementor-element-populated\">\n\t\t\t\t\t\t<div class=\"elementor-element elementor-element-9d9eeac elementor-widget-divider--view-line elementor-widget elementor-widget-divider\" data-id=\"9d9eeac\" data-element_type=\"widget\" data-widget_type=\"divider.default\">\n\t\t\t\t<div class=\"elementor-widget-container\">\n\t\t\t\t\t\t\t<div class=\"elementor-divider\">\n\t\t\t<span class=\"elementor-divider-separator\">\n\t\t\t\t\t\t<\/span>\n\t\t<\/div>\n\t\t\t\t\t\t<\/div>\n\t\t\t\t<\/div>\n\t\t\t\t\t<\/div>\n\t\t<\/div>\n\t\t\t\t\t<\/div>\n\t\t<\/section>\n\t\t\t\t<section class=\"elementor-section elementor-top-section elementor-element elementor-element-a31ef8e elementor-section-boxed elementor-section-height-default elementor-section-height-default\" data-id=\"a31ef8e\" data-element_type=\"section\">\n\t\t\t\t\t\t<div class=\"elementor-container elementor-column-gap-default\">\n\t\t\t\t\t<div class=\"elementor-column elementor-col-100 elementor-top-column elementor-element elementor-element-9be839e\" data-id=\"9be839e\" data-element_type=\"column\">\n\t\t\t<div class=\"elementor-widget-wrap elementor-element-populated\">\n\t\t\t\t\t\t<div class=\"elementor-element elementor-element-22a26e1 elementor-shape-rounded elementor-grid-0 e-grid-align-center elementor-widget elementor-widget-social-icons\" data-id=\"22a26e1\" data-element_type=\"widget\" data-widget_type=\"social-icons.default\">\n\t\t\t\t<div class=\"elementor-widget-container\">\n\t\t\t\t\t\t\t<div class=\"elementor-social-icons-wrapper elementor-grid\">\n\t\t\t\t\t\t\t<span class=\"elementor-grid-item\">\n\t\t\t\t\t<a class=\"elementor-icon elementor-social-icon elementor-social-icon-facebook elementor-repeater-item-3b56d76\" href=\"https:\/\/www.facebook.com\/groups\/94798263251\" target=\"_blank\">\n\t\t\t\t\t\t<span class=\"elementor-screen-only\">Facebook<\/span>\n\t\t\t\t\t\t<i aria-hidden=\"true\" class=\"fab fa-facebook\"><\/i>\t\t\t\t\t<\/a>\n\t\t\t\t<\/span>\n\t\t\t\t\t<\/div>\n\t\t\t\t\t\t<\/div>\n\t\t\t\t<\/div>\n\t\t\t\t\t<\/div>\n\t\t<\/div>\n\t\t\t\t\t<\/div>\n\t\t<\/section>\n\t\t\t\t<\/div>\n\t\t","protected":false},"excerpt":{"rendered":"<p>Wer sind wir?Wir sind 24 Stunden am Tag und 7 Tage die Woche einsatzbereit.Rund 65 motivierte und engagierte Frauen und M\u00e4nnern bilden ein starkes Team. Auf freiwilliger Basis sind sie rund um die Uhr \u2013 an 365 Tagen \u2013 f\u00fcr Ihre Sicherheit besorgt. Sie leistet pro Jahr \u00fcber 100 Eins\u00e4tze. Aktueller Wetteralarm sowie Informationen zur [&hellip;]<\/p>\n","protected":false},"author":1,"featured_media":0,"parent":0,"menu_order":0,"comment_status":"closed","ping_status":"closed","template":"","meta":{"footnotes":""},"class_list":["post-44","page","type-page","status-publish","hentry"],"yoast_head":"<!-- This site is optimized with the Yoast SEO plugin v26.2 - https:\/\/yoast.com\/wordpress\/plugins\/seo\/ -->\n<title>Startseite - Feuerwehr Allschwil-Sch\u00f6nenbuch<\/title>\n<meta name=\"robots\" content=\"index, follow, max-snippet:-1, max-image-preview:large, max-video-preview:-1\" \/>\n<link rel=\"canonical\" href=\"https:\/\/fwallschwil.ch\/WPNew\/\" \/>\n<meta property=\"og:locale\" content=\"de_DE\" \/>\n<meta property=\"og:type\" content=\"article\" \/>\n<meta property=\"og:title\" content=\"Startseite - Feuerwehr Allschwil-Sch\u00f6nenbuch\" \/>\n<meta property=\"og:description\" content=\"Wer sind wir?Wir sind 24 Stunden am Tag und 7 Tage die Woche einsatzbereit.Rund 65 motivierte und engagierte Frauen und M\u00e4nnern bilden ein starkes Team. Auf freiwilliger Basis sind sie rund um die Uhr \u2013 an 365 Tagen \u2013 f\u00fcr Ihre Sicherheit besorgt. Sie leistet pro Jahr \u00fcber 100 Eins\u00e4tze. Aktueller Wetteralarm sowie Informationen zur [&hellip;]\" \/>\n<meta property=\"og:url\" content=\"https:\/\/fwallschwil.ch\/WPNew\/\" \/>\n<meta property=\"og:site_name\" content=\"Feuerwehr Allschwil-Sch\u00f6nenbuch\" \/>\n<meta property=\"article:modified_time\" content=\"2025-11-03T10:24:59+00:00\" \/>\n<meta property=\"og:image\" content=\"https:\/\/fwallschwil.ch\/WPNew\/wp-content\/uploads\/2022\/04\/fwas-150x150.jpeg\" \/>\n<meta name=\"twitter:card\" content=\"summary_large_image\" \/>\n<meta name=\"twitter:label1\" content=\"Gesch\u00e4tzte Lesezeit\" \/>\n\t<meta name=\"twitter:data1\" content=\"3\u00a0Minuten\" \/>\n<script type=\"application\/ld+json\" class=\"yoast-schema-graph\">{\"@context\":\"https:\/\/schema.org\",\"@graph\":[{\"@type\":\"WebPage\",\"@id\":\"https:\/\/fwallschwil.ch\/WPNew\/\",\"url\":\"https:\/\/fwallschwil.ch\/WPNew\/\",\"name\":\"Startseite - Feuerwehr Allschwil-Sch\u00f6nenbuch\",\"isPartOf\":{\"@id\":\"https:\/\/fwallschwil.ch\/WPNew\/#website\"},\"primaryImageOfPage\":{\"@id\":\"https:\/\/fwallschwil.ch\/WPNew\/#primaryimage\"},\"image\":{\"@id\":\"https:\/\/fwallschwil.ch\/WPNew\/#primaryimage\"},\"thumbnailUrl\":\"https:\/\/fwallschwil.ch\/WPNew\/wp-content\/uploads\/2022\/04\/fwas-150x150.jpeg\",\"datePublished\":\"2022-04-20T21:31:18+00:00\",\"dateModified\":\"2025-11-03T10:24:59+00:00\",\"breadcrumb\":{\"@id\":\"https:\/\/fwallschwil.ch\/WPNew\/#breadcrumb\"},\"inLanguage\":\"de\",\"potentialAction\":[{\"@type\":\"ReadAction\",\"target\":[\"https:\/\/fwallschwil.ch\/WPNew\/\"]}]},{\"@type\":\"ImageObject\",\"inLanguage\":\"de\",\"@id\":\"https:\/\/fwallschwil.ch\/WPNew\/#primaryimage\",\"url\":\"https:\/\/fwallschwil.ch\/WPNew\/wp-content\/uploads\/2022\/04\/fwas-150x150.jpeg\",\"contentUrl\":\"https:\/\/fwallschwil.ch\/WPNew\/wp-content\/uploads\/2022\/04\/fwas-150x150.jpeg\"},{\"@type\":\"BreadcrumbList\",\"@id\":\"https:\/\/fwallschwil.ch\/WPNew\/#breadcrumb\",\"itemListElement\":[{\"@type\":\"ListItem\",\"position\":1,\"name\":\"Startseite\",\"item\":\"https:\/\/fwallschwil.ch\/WPNew\/\"},{\"@type\":\"ListItem\",\"position\":2,\"name\":\"Startseite\"}]},{\"@type\":\"WebSite\",\"@id\":\"https:\/\/fwallschwil.ch\/WPNew\/#website\",\"url\":\"https:\/\/fwallschwil.ch\/WPNew\/\",\"name\":\"Feuerwehr Allschwil-Sch\u00f6nenbuch\",\"description\":\"Die Webseite der Feuerwehr Allschwil-Sch\u00f6nenbuch\",\"publisher\":{\"@id\":\"https:\/\/fwallschwil.ch\/WPNew\/#organization\"},\"potentialAction\":[{\"@type\":\"SearchAction\",\"target\":{\"@type\":\"EntryPoint\",\"urlTemplate\":\"https:\/\/fwallschwil.ch\/WPNew\/?s={search_term_string}\"},\"query-input\":{\"@type\":\"PropertyValueSpecification\",\"valueRequired\":true,\"valueName\":\"search_term_string\"}}],\"inLanguage\":\"de\"},{\"@type\":\"Organization\",\"@id\":\"https:\/\/fwallschwil.ch\/WPNew\/#organization\",\"name\":\"Feuerwehr Allschwil-Sch\u00f6nenbuch\",\"url\":\"https:\/\/fwallschwil.ch\/WPNew\/\",\"logo\":{\"@type\":\"ImageObject\",\"inLanguage\":\"de\",\"@id\":\"https:\/\/fwallschwil.ch\/WPNew\/#\/schema\/logo\/image\/\",\"url\":\"https:\/\/fwallschwil.ch\/WPNew\/wp-content\/uploads\/2022\/04\/850_0019-copy.jpg\",\"contentUrl\":\"https:\/\/fwallschwil.ch\/WPNew\/wp-content\/uploads\/2022\/04\/850_0019-copy.jpg\",\"width\":120,\"height\":90,\"caption\":\"Feuerwehr Allschwil-Sch\u00f6nenbuch\"},\"image\":{\"@id\":\"https:\/\/fwallschwil.ch\/WPNew\/#\/schema\/logo\/image\/\"}}]}<\/script>\n<!-- \/ Yoast SEO plugin. -->","yoast_head_json":{"title":"Startseite - Feuerwehr Allschwil-Sch\u00f6nenbuch","robots":{"index":"index","follow":"follow","max-snippet":"max-snippet:-1","max-image-preview":"max-image-preview:large","max-video-preview":"max-video-preview:-1"},"canonical":"https:\/\/fwallschwil.ch\/WPNew\/","og_locale":"de_DE","og_type":"article","og_title":"Startseite - Feuerwehr Allschwil-Sch\u00f6nenbuch","og_description":"Wer sind wir?Wir sind 24 Stunden am Tag und 7 Tage die Woche einsatzbereit.Rund 65 motivierte und engagierte Frauen und M\u00e4nnern bilden ein starkes Team. Auf freiwilliger Basis sind sie rund um die Uhr \u2013 an 365 Tagen \u2013 f\u00fcr Ihre Sicherheit besorgt. Sie leistet pro Jahr \u00fcber 100 Eins\u00e4tze. Aktueller Wetteralarm sowie Informationen zur [&hellip;]","og_url":"https:\/\/fwallschwil.ch\/WPNew\/","og_site_name":"Feuerwehr Allschwil-Sch\u00f6nenbuch","article_modified_time":"2025-11-03T10:24:59+00:00","og_image":[{"url":"https:\/\/fwallschwil.ch\/WPNew\/wp-content\/uploads\/2022\/04\/fwas-150x150.jpeg","type":"","width":"","height":""}],"twitter_card":"summary_large_image","twitter_misc":{"Gesch\u00e4tzte Lesezeit":"3\u00a0Minuten"},"schema":{"@context":"https:\/\/schema.org","@graph":[{"@type":"WebPage","@id":"https:\/\/fwallschwil.ch\/WPNew\/","url":"https:\/\/fwallschwil.ch\/WPNew\/","name":"Startseite - Feuerwehr Allschwil-Sch\u00f6nenbuch","isPartOf":{"@id":"https:\/\/fwallschwil.ch\/WPNew\/#website"},"primaryImageOfPage":{"@id":"https:\/\/fwallschwil.ch\/WPNew\/#primaryimage"},"image":{"@id":"https:\/\/fwallschwil.ch\/WPNew\/#primaryimage"},"thumbnailUrl":"https:\/\/fwallschwil.ch\/WPNew\/wp-content\/uploads\/2022\/04\/fwas-150x150.jpeg","datePublished":"2022-04-20T21:31:18+00:00","dateModified":"2025-11-03T10:24:59+00:00","breadcrumb":{"@id":"https:\/\/fwallschwil.ch\/WPNew\/#breadcrumb"},"inLanguage":"de","potentialAction":[{"@type":"ReadAction","target":["https:\/\/fwallschwil.ch\/WPNew\/"]}]},{"@type":"ImageObject","inLanguage":"de","@id":"https:\/\/fwallschwil.ch\/WPNew\/#primaryimage","url":"https:\/\/fwallschwil.ch\/WPNew\/wp-content\/uploads\/2022\/04\/fwas-150x150.jpeg","contentUrl":"https:\/\/fwallschwil.ch\/WPNew\/wp-content\/uploads\/2022\/04\/fwas-150x150.jpeg"},{"@type":"BreadcrumbList","@id":"https:\/\/fwallschwil.ch\/WPNew\/#breadcrumb","itemListElement":[{"@type":"ListItem","position":1,"name":"Startseite","item":"https:\/\/fwallschwil.ch\/WPNew\/"},{"@type":"ListItem","position":2,"name":"Startseite"}]},{"@type":"WebSite","@id":"https:\/\/fwallschwil.ch\/WPNew\/#website","url":"https:\/\/fwallschwil.ch\/WPNew\/","name":"Feuerwehr Allschwil-Sch\u00f6nenbuch","description":"Die Webseite der Feuerwehr Allschwil-Sch\u00f6nenbuch","publisher":{"@id":"https:\/\/fwallschwil.ch\/WPNew\/#organization"},"potentialAction":[{"@type":"SearchAction","target":{"@type":"EntryPoint","urlTemplate":"https:\/\/fwallschwil.ch\/WPNew\/?s={search_term_string}"},"query-input":{"@type":"PropertyValueSpecification","valueRequired":true,"valueName":"search_term_string"}}],"inLanguage":"de"},{"@type":"Organization","@id":"https:\/\/fwallschwil.ch\/WPNew\/#organization","name":"Feuerwehr Allschwil-Sch\u00f6nenbuch","url":"https:\/\/fwallschwil.ch\/WPNew\/","logo":{"@type":"ImageObject","inLanguage":"de","@id":"https:\/\/fwallschwil.ch\/WPNew\/#\/schema\/logo\/image\/","url":"https:\/\/fwallschwil.ch\/WPNew\/wp-content\/uploads\/2022\/04\/850_0019-copy.jpg","contentUrl":"https:\/\/fwallschwil.ch\/WPNew\/wp-content\/uploads\/2022\/04\/850_0019-copy.jpg","width":120,"height":90,"caption":"Feuerwehr Allschwil-Sch\u00f6nenbuch"},"image":{"@id":"https:\/\/fwallschwil.ch\/WPNew\/#\/schema\/logo\/image\/"}}]}},"_links":{"self":[{"href":"https:\/\/fwallschwil.ch\/WPNew\/wp-json\/wp\/v2\/pages\/44","targetHints":{"allow":["GET"]}}],"collection":[{"href":"https:\/\/fwallschwil.ch\/WPNew\/wp-json\/wp\/v2\/pages"}],"about":[{"href":"https:\/\/fwallschwil.ch\/WPNew\/wp-json\/wp\/v2\/types\/page"}],"author":[{"embeddable":true,"href":"https:\/\/fwallschwil.ch\/WPNew\/wp-json\/wp\/v2\/users\/1"}],"replies":[{"embeddable":true,"href":"https:\/\/fwallschwil.ch\/WPNew\/wp-json\/wp\/v2\/comments?post=44"}],"version-history":[{"count":169,"href":"https:\/\/fwallschwil.ch\/WPNew\/wp-json\/wp\/v2\/pages\/44\/revisions"}],"predecessor-version":[{"id":2678,"href":"https:\/\/fwallschwil.ch\/WPNew\/wp-json\/wp\/v2\/pages\/44\/revisions\/2678"}],"wp:attachment":[{"href":"https:\/\/fwallschwil.ch\/WPNew\/wp-json\/wp\/v2\/media?parent=44"}],"curies":[{"name":"wp","href":"https:\/\/api.w.org\/{rel}","templated":true}]}}