{"id":626,"date":"2022-10-31T12:24:58","date_gmt":"2022-10-31T11:24:58","guid":{"rendered":"https:\/\/fwallschwil.ch\/WPNew\/?page_id=626"},"modified":"2023-10-01T20:34:21","modified_gmt":"2023-10-01T18:34:21","slug":"caesar-2","status":"publish","type":"page","link":"https:\/\/fwallschwil.ch\/WPNew\/caesar-2\/","title":{"rendered":"C\u00e4sar 2"},"content":{"rendered":"\t\t<div data-elementor-type=\"wp-page\" data-elementor-id=\"626\" class=\"elementor elementor-626\">\n\t\t\t\t\t\t<section class=\"elementor-section elementor-top-section elementor-element elementor-element-3334481f elementor-section-boxed elementor-section-height-default elementor-section-height-default\" data-id=\"3334481f\" data-element_type=\"section\">\n\t\t\t\t\t\t<div class=\"elementor-container elementor-column-gap-default\">\n\t\t\t\t\t<div class=\"elementor-column elementor-col-100 elementor-top-column elementor-element elementor-element-542df5f3\" data-id=\"542df5f3\" data-element_type=\"column\">\n\t\t\t<div class=\"elementor-widget-wrap elementor-element-populated\">\n\t\t\t\t\t\t<div class=\"elementor-element elementor-element-108dcb7 elementor-widget elementor-widget-text-editor\" data-id=\"108dcb7\" data-element_type=\"widget\" data-widget_type=\"text-editor.default\">\n\t\t\t\t<div class=\"elementor-widget-container\">\n\t\t\t\t\t\t\t\t\t<p style=\"text-align: center;\"><a href=\"https:\/\/fwallschwil.ch\/WPNew\/caesar-1\/\">C\u00e4sar 1<\/a> | <a href=\"https:\/\/fwallschwil.ch\/WPNew\/fahrzeuge\/\">Fahrzeuge<\/a> |\u00a0<a href=\"https:\/\/fwallschwil.ch\/WPNew\/caesar-3\/\">C\u00e4sar 3<\/a><\/p>\t\t\t\t\t\t\t\t<\/div>\n\t\t\t\t<\/div>\n\t\t\t\t<div class=\"elementor-element elementor-element-c5c95b2 elementor-widget elementor-widget-text-editor\" data-id=\"c5c95b2\" data-element_type=\"widget\" data-widget_type=\"text-editor.default\">\n\t\t\t\t<div class=\"elementor-widget-container\">\n\t\t\t\t\t\t\t\t\t<h3 style=\"text-align: center;\"><strong>C\u00e4sar 2 | Modulfahrzeug<\/strong><\/h3><div dir=\"ltr\" style=\"text-align: center;\">Naturereignisse, Wasserwehr, Oelwehr, technische Ereignisse und<\/div><div dir=\"ltr\" style=\"text-align: center;\">Transport von verschiedenstem Material palettisiert oder auf Modulen sowie<\/div><div dir=\"ltr\" style=\"text-align: center;\">der Mannschaft sind nur einige Einsatzbereiche unseres vielseitig nutzbaren<\/div><div dir=\"ltr\" style=\"text-align: center;\">Kombifahrzeugs.<\/div>\t\t\t\t\t\t\t\t<\/div>\n\t\t\t\t<\/div>\n\t\t\t\t<div class=\"elementor-element elementor-element-23c3b95 elementor-widget elementor-widget-image\" data-id=\"23c3b95\" data-element_type=\"widget\" data-widget_type=\"image.default\">\n\t\t\t\t<div class=\"elementor-widget-container\">\n\t\t\t\t\t\t\t\t\t\t\t\t\t\t\t<img fetchpriority=\"high\" decoding=\"async\" width=\"448\" height=\"299\" src=\"https:\/\/fwallschwil.ch\/WPNew\/wp-content\/uploads\/2023\/10\/850_0280.jpg\" class=\"attachment-medium_large size-medium_large wp-image-2149\" alt=\"\" srcset=\"https:\/\/fwallschwil.ch\/WPNew\/wp-content\/uploads\/2023\/10\/850_0280.jpg 448w, https:\/\/fwallschwil.ch\/WPNew\/wp-content\/uploads\/2023\/10\/850_0280-300x200.jpg 300w\" sizes=\"(max-width: 448px) 100vw, 448px\" \/>\t\t\t\t\t\t\t\t\t\t\t\t\t\t\t<\/div>\n\t\t\t\t<\/div>\n\t\t\t\t<div class=\"elementor-element elementor-element-343a9d54 elementor-widget elementor-widget-text-editor\" data-id=\"343a9d54\" data-element_type=\"widget\" data-widget_type=\"text-editor.default\">\n\t\t\t\t<div class=\"elementor-widget-container\">\n\t\t\t\t\t\t\t\t\t<p style=\"text-align: center;\">Baujahr: 2004<br \/>L\u00e4nge: 8,7m<br \/>Breite: 2,5m<br \/>H\u00f6he: 3,3m<br \/>Gesamtgewicht: 18t<br \/>Fahrgestell:<br \/>Chassis: Scania P114 G 4&#215;2<br \/>Motor: R6 4takt-Diesel EURO 3, <br \/>Leistung: 340PS bei 1900 U\/min<br \/>max. Drehmoment: 1600Nm bei 1100 bis 1300 U\/min<br \/>Getriebe: 6-Gang Automatikgetriebe<br \/>Aufbau:<br \/>Hebeb\u00fchne: 1750 kg<br \/>Seilwinde: 5t<br \/>Lichtmast: 2 x 1000W<\/p>\t\t\t\t\t\t\t\t<\/div>\n\t\t\t\t<\/div>\n\t\t\t\t\t<\/div>\n\t\t<\/div>\n\t\t\t\t\t<\/div>\n\t\t<\/section>\n\t\t\t\t<section class=\"elementor-section elementor-top-section elementor-element elementor-element-f202d91 elementor-section-boxed elementor-section-height-default elementor-section-height-default\" data-id=\"f202d91\" data-element_type=\"section\">\n\t\t\t\t\t\t<div class=\"elementor-container elementor-column-gap-default\">\n\t\t\t\t\t<div class=\"elementor-column elementor-col-100 elementor-top-column elementor-element elementor-element-0844e44\" data-id=\"0844e44\" data-element_type=\"column\">\n\t\t\t<div class=\"elementor-widget-wrap elementor-element-populated\">\n\t\t\t\t\t\t<div class=\"elementor-element elementor-element-b39ec2d elementor-arrows-position-inside elementor-pagination-position-outside elementor-widget elementor-widget-image-carousel\" data-id=\"b39ec2d\" data-element_type=\"widget\" data-settings=\"{&quot;navigation&quot;:&quot;both&quot;,&quot;autoplay&quot;:&quot;yes&quot;,&quot;pause_on_hover&quot;:&quot;yes&quot;,&quot;pause_on_interaction&quot;:&quot;yes&quot;,&quot;autoplay_speed&quot;:5000,&quot;infinite&quot;:&quot;yes&quot;,&quot;speed&quot;:500}\" data-widget_type=\"image-carousel.default\">\n\t\t\t\t<div class=\"elementor-widget-container\">\n\t\t\t\t\t\t\t<div class=\"elementor-image-carousel-wrapper swiper\" role=\"region\" aria-roledescription=\"carousel\" aria-label=\"Bild Karussell\" dir=\"ltr\">\n\t\t\t<div class=\"elementor-image-carousel swiper-wrapper\" aria-live=\"off\">\n\t\t\t\t\t\t\t\t<div class=\"swiper-slide\" role=\"group\" aria-roledescription=\"slide\" aria-label=\"1 von 10\"><a data-elementor-open-lightbox=\"yes\" data-elementor-lightbox-slideshow=\"b39ec2d\" data-elementor-lightbox-title=\"850_0280\" data-e-action-hash=\"#elementor-action%3Aaction%3Dlightbox%26settings%3DeyJpZCI6MjE0OSwidXJsIjoiaHR0cHM6XC9cL2Z3YWxsc2Nod2lsLmNoXC9XUE5ld1wvd3AtY29udGVudFwvdXBsb2Fkc1wvMjAyM1wvMTBcLzg1MF8wMjgwLmpwZyIsInNsaWRlc2hvdyI6ImIzOWVjMmQifQ%3D%3D\" href=\"https:\/\/fwallschwil.ch\/WPNew\/wp-content\/uploads\/2023\/10\/850_0280.jpg\"><figure class=\"swiper-slide-inner\"><img decoding=\"async\" class=\"swiper-slide-image\" src=\"https:\/\/fwallschwil.ch\/WPNew\/wp-content\/uploads\/2023\/10\/850_0280-150x150.jpg\" alt=\"850_0280\" \/><\/figure><\/a><\/div><div class=\"swiper-slide\" role=\"group\" aria-roledescription=\"slide\" aria-label=\"2 von 10\"><a data-elementor-open-lightbox=\"yes\" data-elementor-lightbox-slideshow=\"b39ec2d\" data-elementor-lightbox-title=\"850_0295\" data-e-action-hash=\"#elementor-action%3Aaction%3Dlightbox%26settings%3DeyJpZCI6MjE5MywidXJsIjoiaHR0cHM6XC9cL2Z3YWxsc2Nod2lsLmNoXC9XUE5ld1wvd3AtY29udGVudFwvdXBsb2Fkc1wvMjAyM1wvMTBcLzg1MF8wMjk1LmpwZyIsInNsaWRlc2hvdyI6ImIzOWVjMmQifQ%3D%3D\" href=\"https:\/\/fwallschwil.ch\/WPNew\/wp-content\/uploads\/2023\/10\/850_0295.jpg\"><figure class=\"swiper-slide-inner\"><img decoding=\"async\" class=\"swiper-slide-image\" src=\"https:\/\/fwallschwil.ch\/WPNew\/wp-content\/uploads\/2023\/10\/850_0295-150x150.jpg\" alt=\"850_0295\" \/><\/figure><\/a><\/div><div class=\"swiper-slide\" role=\"group\" aria-roledescription=\"slide\" aria-label=\"3 von 10\"><a data-elementor-open-lightbox=\"yes\" data-elementor-lightbox-slideshow=\"b39ec2d\" data-elementor-lightbox-title=\"850_0292\" data-e-action-hash=\"#elementor-action%3Aaction%3Dlightbox%26settings%3DeyJpZCI6MjE5MiwidXJsIjoiaHR0cHM6XC9cL2Z3YWxsc2Nod2lsLmNoXC9XUE5ld1wvd3AtY29udGVudFwvdXBsb2Fkc1wvMjAyM1wvMTBcLzg1MF8wMjkyLmpwZyIsInNsaWRlc2hvdyI6ImIzOWVjMmQifQ%3D%3D\" href=\"https:\/\/fwallschwil.ch\/WPNew\/wp-content\/uploads\/2023\/10\/850_0292.jpg\"><figure class=\"swiper-slide-inner\"><img decoding=\"async\" class=\"swiper-slide-image\" src=\"https:\/\/fwallschwil.ch\/WPNew\/wp-content\/uploads\/2023\/10\/850_0292-150x150.jpg\" alt=\"850_0292\" \/><\/figure><\/a><\/div><div class=\"swiper-slide\" role=\"group\" aria-roledescription=\"slide\" aria-label=\"4 von 10\"><a data-elementor-open-lightbox=\"yes\" data-elementor-lightbox-slideshow=\"b39ec2d\" data-elementor-lightbox-title=\"850_0297\" data-e-action-hash=\"#elementor-action%3Aaction%3Dlightbox%26settings%3DeyJpZCI6MjE5NCwidXJsIjoiaHR0cHM6XC9cL2Z3YWxsc2Nod2lsLmNoXC9XUE5ld1wvd3AtY29udGVudFwvdXBsb2Fkc1wvMjAyM1wvMTBcLzg1MF8wMjk3LTEuanBnIiwic2xpZGVzaG93IjoiYjM5ZWMyZCJ9\" href=\"https:\/\/fwallschwil.ch\/WPNew\/wp-content\/uploads\/2023\/10\/850_0297-1.jpg\"><figure class=\"swiper-slide-inner\"><img decoding=\"async\" class=\"swiper-slide-image\" src=\"https:\/\/fwallschwil.ch\/WPNew\/wp-content\/uploads\/2023\/10\/850_0297-1-150x150.jpg\" alt=\"850_0297\" \/><\/figure><\/a><\/div><div class=\"swiper-slide\" role=\"group\" aria-roledescription=\"slide\" aria-label=\"5 von 10\"><a data-elementor-open-lightbox=\"yes\" data-elementor-lightbox-slideshow=\"b39ec2d\" data-elementor-lightbox-title=\"phoca_thumb_l_c02_3\" data-e-action-hash=\"#elementor-action%3Aaction%3Dlightbox%26settings%3DeyJpZCI6NTIwLCJ1cmwiOiJodHRwczpcL1wvZndhbGxzY2h3aWwuY2hcL1dQTmV3XC93cC1jb250ZW50XC91cGxvYWRzXC8yMDIyXC8xMFwvcGhvY2FfdGh1bWJfbF9jMDJfMy5qcGciLCJzbGlkZXNob3ciOiJiMzllYzJkIn0%3D\" href=\"https:\/\/fwallschwil.ch\/WPNew\/wp-content\/uploads\/2022\/10\/phoca_thumb_l_c02_3.jpg\"><figure class=\"swiper-slide-inner\"><img decoding=\"async\" class=\"swiper-slide-image\" src=\"https:\/\/fwallschwil.ch\/WPNew\/wp-content\/uploads\/2022\/10\/phoca_thumb_l_c02_3-150x150.jpg\" alt=\"phoca_thumb_l_c02_3\" \/><\/figure><\/a><\/div><div class=\"swiper-slide\" role=\"group\" aria-roledescription=\"slide\" aria-label=\"6 von 10\"><a data-elementor-open-lightbox=\"yes\" data-elementor-lightbox-slideshow=\"b39ec2d\" data-elementor-lightbox-title=\"850_0291\" data-e-action-hash=\"#elementor-action%3Aaction%3Dlightbox%26settings%3DeyJpZCI6MjE5MSwidXJsIjoiaHR0cHM6XC9cL2Z3YWxsc2Nod2lsLmNoXC9XUE5ld1wvd3AtY29udGVudFwvdXBsb2Fkc1wvMjAyM1wvMTBcLzg1MF8wMjkxLmpwZyIsInNsaWRlc2hvdyI6ImIzOWVjMmQifQ%3D%3D\" href=\"https:\/\/fwallschwil.ch\/WPNew\/wp-content\/uploads\/2023\/10\/850_0291.jpg\"><figure class=\"swiper-slide-inner\"><img decoding=\"async\" class=\"swiper-slide-image\" src=\"https:\/\/fwallschwil.ch\/WPNew\/wp-content\/uploads\/2023\/10\/850_0291-150x150.jpg\" alt=\"850_0291\" \/><\/figure><\/a><\/div><div class=\"swiper-slide\" role=\"group\" aria-roledescription=\"slide\" aria-label=\"7 von 10\"><a data-elementor-open-lightbox=\"yes\" data-elementor-lightbox-slideshow=\"b39ec2d\" data-elementor-lightbox-title=\"phoca_thumb_l_c02_6\" data-e-action-hash=\"#elementor-action%3Aaction%3Dlightbox%26settings%3DeyJpZCI6NTIzLCJ1cmwiOiJodHRwczpcL1wvZndhbGxzY2h3aWwuY2hcL1dQTmV3XC93cC1jb250ZW50XC91cGxvYWRzXC8yMDIyXC8xMFwvcGhvY2FfdGh1bWJfbF9jMDJfNi5qcGciLCJzbGlkZXNob3ciOiJiMzllYzJkIn0%3D\" href=\"https:\/\/fwallschwil.ch\/WPNew\/wp-content\/uploads\/2022\/10\/phoca_thumb_l_c02_6.jpg\"><figure class=\"swiper-slide-inner\"><img decoding=\"async\" class=\"swiper-slide-image\" src=\"https:\/\/fwallschwil.ch\/WPNew\/wp-content\/uploads\/2022\/10\/phoca_thumb_l_c02_6-150x150.jpg\" alt=\"phoca_thumb_l_c02_6\" \/><\/figure><\/a><\/div><div class=\"swiper-slide\" role=\"group\" aria-roledescription=\"slide\" aria-label=\"8 von 10\"><a data-elementor-open-lightbox=\"yes\" data-elementor-lightbox-slideshow=\"b39ec2d\" data-elementor-lightbox-title=\"phoca_thumb_l_c02_7\" data-e-action-hash=\"#elementor-action%3Aaction%3Dlightbox%26settings%3DeyJpZCI6NTI0LCJ1cmwiOiJodHRwczpcL1wvZndhbGxzY2h3aWwuY2hcL1dQTmV3XC93cC1jb250ZW50XC91cGxvYWRzXC8yMDIyXC8xMFwvcGhvY2FfdGh1bWJfbF9jMDJfNy5qcGciLCJzbGlkZXNob3ciOiJiMzllYzJkIn0%3D\" href=\"https:\/\/fwallschwil.ch\/WPNew\/wp-content\/uploads\/2022\/10\/phoca_thumb_l_c02_7.jpg\"><figure class=\"swiper-slide-inner\"><img decoding=\"async\" class=\"swiper-slide-image\" src=\"https:\/\/fwallschwil.ch\/WPNew\/wp-content\/uploads\/2022\/10\/phoca_thumb_l_c02_7-150x150.jpg\" alt=\"phoca_thumb_l_c02_7\" \/><\/figure><\/a><\/div><div class=\"swiper-slide\" role=\"group\" aria-roledescription=\"slide\" aria-label=\"9 von 10\"><a data-elementor-open-lightbox=\"yes\" data-elementor-lightbox-slideshow=\"b39ec2d\" data-elementor-lightbox-title=\"phoca_thumb_l_c02_9\" data-e-action-hash=\"#elementor-action%3Aaction%3Dlightbox%26settings%3DeyJpZCI6NTI2LCJ1cmwiOiJodHRwczpcL1wvZndhbGxzY2h3aWwuY2hcL1dQTmV3XC93cC1jb250ZW50XC91cGxvYWRzXC8yMDIyXC8xMFwvcGhvY2FfdGh1bWJfbF9jMDJfOS5qcGciLCJzbGlkZXNob3ciOiJiMzllYzJkIn0%3D\" href=\"https:\/\/fwallschwil.ch\/WPNew\/wp-content\/uploads\/2022\/10\/phoca_thumb_l_c02_9.jpg\"><figure class=\"swiper-slide-inner\"><img decoding=\"async\" class=\"swiper-slide-image\" src=\"https:\/\/fwallschwil.ch\/WPNew\/wp-content\/uploads\/2022\/10\/phoca_thumb_l_c02_9-150x150.jpg\" alt=\"phoca_thumb_l_c02_9\" \/><\/figure><\/a><\/div><div class=\"swiper-slide\" role=\"group\" aria-roledescription=\"slide\" aria-label=\"10 von 10\"><a data-elementor-open-lightbox=\"yes\" data-elementor-lightbox-slideshow=\"b39ec2d\" data-elementor-lightbox-title=\"phoca_thumb_l_c02_8\" data-e-action-hash=\"#elementor-action%3Aaction%3Dlightbox%26settings%3DeyJpZCI6NTI1LCJ1cmwiOiJodHRwczpcL1wvZndhbGxzY2h3aWwuY2hcL1dQTmV3XC93cC1jb250ZW50XC91cGxvYWRzXC8yMDIyXC8xMFwvcGhvY2FfdGh1bWJfbF9jMDJfOC5qcGciLCJzbGlkZXNob3ciOiJiMzllYzJkIn0%3D\" href=\"https:\/\/fwallschwil.ch\/WPNew\/wp-content\/uploads\/2022\/10\/phoca_thumb_l_c02_8.jpg\"><figure class=\"swiper-slide-inner\"><img decoding=\"async\" class=\"swiper-slide-image\" src=\"https:\/\/fwallschwil.ch\/WPNew\/wp-content\/uploads\/2022\/10\/phoca_thumb_l_c02_8-150x150.jpg\" alt=\"phoca_thumb_l_c02_8\" \/><\/figure><\/a><\/div>\t\t\t<\/div>\n\t\t\t\t\t\t\t\t\t\t\t\t<div class=\"elementor-swiper-button elementor-swiper-button-prev\" role=\"button\" tabindex=\"0\">\n\t\t\t\t\t\t<i aria-hidden=\"true\" class=\"eicon-chevron-left\"><\/i>\t\t\t\t\t<\/div>\n\t\t\t\t\t<div class=\"elementor-swiper-button elementor-swiper-button-next\" role=\"button\" tabindex=\"0\">\n\t\t\t\t\t\t<i aria-hidden=\"true\" class=\"eicon-chevron-right\"><\/i>\t\t\t\t\t<\/div>\n\t\t\t\t\n\t\t\t\t\t\t\t\t\t<div class=\"swiper-pagination\"><\/div>\n\t\t\t\t\t\t\t\t\t<\/div>\n\t\t\t\t\t\t<\/div>\n\t\t\t\t<\/div>\n\t\t\t\t\t<\/div>\n\t\t<\/div>\n\t\t\t\t\t<\/div>\n\t\t<\/section>\n\t\t\t\t<\/div>\n\t\t","protected":false},"excerpt":{"rendered":"<p>C\u00e4sar 1 | Fahrzeuge |\u00a0C\u00e4sar 3 C\u00e4sar 2 | Modulfahrzeug Naturereignisse, Wasserwehr, Oelwehr, technische Ereignisse undTransport von verschiedenstem Material palettisiert oder auf Modulen sowieder Mannschaft sind nur einige Einsatzbereiche unseres vielseitig nutzbarenKombifahrzeugs. Baujahr: 2004L\u00e4nge: 8,7mBreite: 2,5mH\u00f6he: 3,3mGesamtgewicht: 18tFahrgestell:Chassis: Scania P114 G 4&#215;2Motor: R6 4takt-Diesel EURO 3, Leistung: 340PS bei 1900 U\/minmax. Drehmoment: 1600Nm bei 1100 [&hellip;]<\/p>\n","protected":false},"author":3,"featured_media":0,"parent":0,"menu_order":0,"comment_status":"closed","ping_status":"closed","template":"","meta":{"footnotes":""},"class_list":["post-626","page","type-page","status-publish","hentry"],"yoast_head":"<!-- This site is optimized with the Yoast SEO plugin v26.2 - https:\/\/yoast.com\/wordpress\/plugins\/seo\/ -->\n<title>C\u00e4sar 2 - Feuerwehr Allschwil-Sch\u00f6nenbuch<\/title>\n<meta name=\"robots\" content=\"index, follow, max-snippet:-1, max-image-preview:large, max-video-preview:-1\" \/>\n<link rel=\"canonical\" href=\"https:\/\/fwallschwil.ch\/WPNew\/caesar-2\/\" \/>\n<meta property=\"og:locale\" content=\"de_DE\" \/>\n<meta property=\"og:type\" content=\"article\" \/>\n<meta property=\"og:title\" content=\"C\u00e4sar 2 - Feuerwehr Allschwil-Sch\u00f6nenbuch\" \/>\n<meta property=\"og:description\" content=\"C\u00e4sar 1 | Fahrzeuge |\u00a0C\u00e4sar 3 C\u00e4sar 2 | Modulfahrzeug Naturereignisse, Wasserwehr, Oelwehr, technische Ereignisse undTransport von verschiedenstem Material palettisiert oder auf Modulen sowieder Mannschaft sind nur einige Einsatzbereiche unseres vielseitig nutzbarenKombifahrzeugs. Baujahr: 2004L\u00e4nge: 8,7mBreite: 2,5mH\u00f6he: 3,3mGesamtgewicht: 18tFahrgestell:Chassis: Scania P114 G 4&#215;2Motor: R6 4takt-Diesel EURO 3, Leistung: 340PS bei 1900 U\/minmax. Drehmoment: 1600Nm bei 1100 [&hellip;]\" \/>\n<meta property=\"og:url\" content=\"https:\/\/fwallschwil.ch\/WPNew\/caesar-2\/\" \/>\n<meta property=\"og:site_name\" content=\"Feuerwehr Allschwil-Sch\u00f6nenbuch\" \/>\n<meta property=\"article:modified_time\" content=\"2023-10-01T18:34:21+00:00\" \/>\n<meta property=\"og:image\" content=\"https:\/\/fwallschwil.ch\/WPNew\/wp-content\/uploads\/2023\/10\/850_0280.jpg\" \/>\n<meta name=\"twitter:card\" content=\"summary_large_image\" \/>\n<script type=\"application\/ld+json\" class=\"yoast-schema-graph\">{\"@context\":\"https:\/\/schema.org\",\"@graph\":[{\"@type\":\"WebPage\",\"@id\":\"https:\/\/fwallschwil.ch\/WPNew\/caesar-2\/\",\"url\":\"https:\/\/fwallschwil.ch\/WPNew\/caesar-2\/\",\"name\":\"C\u00e4sar 2 - Feuerwehr Allschwil-Sch\u00f6nenbuch\",\"isPartOf\":{\"@id\":\"https:\/\/fwallschwil.ch\/WPNew\/#website\"},\"primaryImageOfPage\":{\"@id\":\"https:\/\/fwallschwil.ch\/WPNew\/caesar-2\/#primaryimage\"},\"image\":{\"@id\":\"https:\/\/fwallschwil.ch\/WPNew\/caesar-2\/#primaryimage\"},\"thumbnailUrl\":\"https:\/\/fwallschwil.ch\/WPNew\/wp-content\/uploads\/2023\/10\/850_0280.jpg\",\"datePublished\":\"2022-10-31T11:24:58+00:00\",\"dateModified\":\"2023-10-01T18:34:21+00:00\",\"breadcrumb\":{\"@id\":\"https:\/\/fwallschwil.ch\/WPNew\/caesar-2\/#breadcrumb\"},\"inLanguage\":\"de\",\"potentialAction\":[{\"@type\":\"ReadAction\",\"target\":[\"https:\/\/fwallschwil.ch\/WPNew\/caesar-2\/\"]}]},{\"@type\":\"ImageObject\",\"inLanguage\":\"de\",\"@id\":\"https:\/\/fwallschwil.ch\/WPNew\/caesar-2\/#primaryimage\",\"url\":\"https:\/\/fwallschwil.ch\/WPNew\/wp-content\/uploads\/2023\/10\/850_0280.jpg\",\"contentUrl\":\"https:\/\/fwallschwil.ch\/WPNew\/wp-content\/uploads\/2023\/10\/850_0280.jpg\"},{\"@type\":\"BreadcrumbList\",\"@id\":\"https:\/\/fwallschwil.ch\/WPNew\/caesar-2\/#breadcrumb\",\"itemListElement\":[{\"@type\":\"ListItem\",\"position\":1,\"name\":\"Startseite\",\"item\":\"https:\/\/fwallschwil.ch\/WPNew\/\"},{\"@type\":\"ListItem\",\"position\":2,\"name\":\"C\u00e4sar 2\"}]},{\"@type\":\"WebSite\",\"@id\":\"https:\/\/fwallschwil.ch\/WPNew\/#website\",\"url\":\"https:\/\/fwallschwil.ch\/WPNew\/\",\"name\":\"Feuerwehr Allschwil-Sch\u00f6nenbuch\",\"description\":\"Die Webseite der Feuerwehr Allschwil-Sch\u00f6nenbuch\",\"publisher\":{\"@id\":\"https:\/\/fwallschwil.ch\/WPNew\/#organization\"},\"potentialAction\":[{\"@type\":\"SearchAction\",\"target\":{\"@type\":\"EntryPoint\",\"urlTemplate\":\"https:\/\/fwallschwil.ch\/WPNew\/?s={search_term_string}\"},\"query-input\":{\"@type\":\"PropertyValueSpecification\",\"valueRequired\":true,\"valueName\":\"search_term_string\"}}],\"inLanguage\":\"de\"},{\"@type\":\"Organization\",\"@id\":\"https:\/\/fwallschwil.ch\/WPNew\/#organization\",\"name\":\"Feuerwehr Allschwil-Sch\u00f6nenbuch\",\"url\":\"https:\/\/fwallschwil.ch\/WPNew\/\",\"logo\":{\"@type\":\"ImageObject\",\"inLanguage\":\"de\",\"@id\":\"https:\/\/fwallschwil.ch\/WPNew\/#\/schema\/logo\/image\/\",\"url\":\"https:\/\/fwallschwil.ch\/WPNew\/wp-content\/uploads\/2022\/04\/850_0019-copy.jpg\",\"contentUrl\":\"https:\/\/fwallschwil.ch\/WPNew\/wp-content\/uploads\/2022\/04\/850_0019-copy.jpg\",\"width\":120,\"height\":90,\"caption\":\"Feuerwehr Allschwil-Sch\u00f6nenbuch\"},\"image\":{\"@id\":\"https:\/\/fwallschwil.ch\/WPNew\/#\/schema\/logo\/image\/\"}}]}<\/script>\n<!-- \/ Yoast SEO plugin. -->","yoast_head_json":{"title":"C\u00e4sar 2 - Feuerwehr Allschwil-Sch\u00f6nenbuch","robots":{"index":"index","follow":"follow","max-snippet":"max-snippet:-1","max-image-preview":"max-image-preview:large","max-video-preview":"max-video-preview:-1"},"canonical":"https:\/\/fwallschwil.ch\/WPNew\/caesar-2\/","og_locale":"de_DE","og_type":"article","og_title":"C\u00e4sar 2 - Feuerwehr Allschwil-Sch\u00f6nenbuch","og_description":"C\u00e4sar 1 | Fahrzeuge |\u00a0C\u00e4sar 3 C\u00e4sar 2 | Modulfahrzeug Naturereignisse, Wasserwehr, Oelwehr, technische Ereignisse undTransport von verschiedenstem Material palettisiert oder auf Modulen sowieder Mannschaft sind nur einige Einsatzbereiche unseres vielseitig nutzbarenKombifahrzeugs. Baujahr: 2004L\u00e4nge: 8,7mBreite: 2,5mH\u00f6he: 3,3mGesamtgewicht: 18tFahrgestell:Chassis: Scania P114 G 4&#215;2Motor: R6 4takt-Diesel EURO 3, Leistung: 340PS bei 1900 U\/minmax. Drehmoment: 1600Nm bei 1100 [&hellip;]","og_url":"https:\/\/fwallschwil.ch\/WPNew\/caesar-2\/","og_site_name":"Feuerwehr Allschwil-Sch\u00f6nenbuch","article_modified_time":"2023-10-01T18:34:21+00:00","og_image":[{"url":"https:\/\/fwallschwil.ch\/WPNew\/wp-content\/uploads\/2023\/10\/850_0280.jpg","type":"","width":"","height":""}],"twitter_card":"summary_large_image","schema":{"@context":"https:\/\/schema.org","@graph":[{"@type":"WebPage","@id":"https:\/\/fwallschwil.ch\/WPNew\/caesar-2\/","url":"https:\/\/fwallschwil.ch\/WPNew\/caesar-2\/","name":"C\u00e4sar 2 - Feuerwehr Allschwil-Sch\u00f6nenbuch","isPartOf":{"@id":"https:\/\/fwallschwil.ch\/WPNew\/#website"},"primaryImageOfPage":{"@id":"https:\/\/fwallschwil.ch\/WPNew\/caesar-2\/#primaryimage"},"image":{"@id":"https:\/\/fwallschwil.ch\/WPNew\/caesar-2\/#primaryimage"},"thumbnailUrl":"https:\/\/fwallschwil.ch\/WPNew\/wp-content\/uploads\/2023\/10\/850_0280.jpg","datePublished":"2022-10-31T11:24:58+00:00","dateModified":"2023-10-01T18:34:21+00:00","breadcrumb":{"@id":"https:\/\/fwallschwil.ch\/WPNew\/caesar-2\/#breadcrumb"},"inLanguage":"de","potentialAction":[{"@type":"ReadAction","target":["https:\/\/fwallschwil.ch\/WPNew\/caesar-2\/"]}]},{"@type":"ImageObject","inLanguage":"de","@id":"https:\/\/fwallschwil.ch\/WPNew\/caesar-2\/#primaryimage","url":"https:\/\/fwallschwil.ch\/WPNew\/wp-content\/uploads\/2023\/10\/850_0280.jpg","contentUrl":"https:\/\/fwallschwil.ch\/WPNew\/wp-content\/uploads\/2023\/10\/850_0280.jpg"},{"@type":"BreadcrumbList","@id":"https:\/\/fwallschwil.ch\/WPNew\/caesar-2\/#breadcrumb","itemListElement":[{"@type":"ListItem","position":1,"name":"Startseite","item":"https:\/\/fwallschwil.ch\/WPNew\/"},{"@type":"ListItem","position":2,"name":"C\u00e4sar 2"}]},{"@type":"WebSite","@id":"https:\/\/fwallschwil.ch\/WPNew\/#website","url":"https:\/\/fwallschwil.ch\/WPNew\/","name":"Feuerwehr Allschwil-Sch\u00f6nenbuch","description":"Die Webseite der Feuerwehr Allschwil-Sch\u00f6nenbuch","publisher":{"@id":"https:\/\/fwallschwil.ch\/WPNew\/#organization"},"potentialAction":[{"@type":"SearchAction","target":{"@type":"EntryPoint","urlTemplate":"https:\/\/fwallschwil.ch\/WPNew\/?s={search_term_string}"},"query-input":{"@type":"PropertyValueSpecification","valueRequired":true,"valueName":"search_term_string"}}],"inLanguage":"de"},{"@type":"Organization","@id":"https:\/\/fwallschwil.ch\/WPNew\/#organization","name":"Feuerwehr Allschwil-Sch\u00f6nenbuch","url":"https:\/\/fwallschwil.ch\/WPNew\/","logo":{"@type":"ImageObject","inLanguage":"de","@id":"https:\/\/fwallschwil.ch\/WPNew\/#\/schema\/logo\/image\/","url":"https:\/\/fwallschwil.ch\/WPNew\/wp-content\/uploads\/2022\/04\/850_0019-copy.jpg","contentUrl":"https:\/\/fwallschwil.ch\/WPNew\/wp-content\/uploads\/2022\/04\/850_0019-copy.jpg","width":120,"height":90,"caption":"Feuerwehr Allschwil-Sch\u00f6nenbuch"},"image":{"@id":"https:\/\/fwallschwil.ch\/WPNew\/#\/schema\/logo\/image\/"}}]}},"_links":{"self":[{"href":"https:\/\/fwallschwil.ch\/WPNew\/wp-json\/wp\/v2\/pages\/626","targetHints":{"allow":["GET"]}}],"collection":[{"href":"https:\/\/fwallschwil.ch\/WPNew\/wp-json\/wp\/v2\/pages"}],"about":[{"href":"https:\/\/fwallschwil.ch\/WPNew\/wp-json\/wp\/v2\/types\/page"}],"author":[{"embeddable":true,"href":"https:\/\/fwallschwil.ch\/WPNew\/wp-json\/wp\/v2\/users\/3"}],"replies":[{"embeddable":true,"href":"https:\/\/fwallschwil.ch\/WPNew\/wp-json\/wp\/v2\/comments?post=626"}],"version-history":[{"count":58,"href":"https:\/\/fwallschwil.ch\/WPNew\/wp-json\/wp\/v2\/pages\/626\/revisions"}],"predecessor-version":[{"id":2197,"href":"https:\/\/fwallschwil.ch\/WPNew\/wp-json\/wp\/v2\/pages\/626\/revisions\/2197"}],"wp:attachment":[{"href":"https:\/\/fwallschwil.ch\/WPNew\/wp-json\/wp\/v2\/media?parent=626"}],"curies":[{"name":"wp","href":"https:\/\/api.w.org\/{rel}","templated":true}]}}