{"id":672,"date":"2022-10-31T13:04:23","date_gmt":"2022-10-31T12:04:23","guid":{"rendered":"https:\/\/fwallschwil.ch\/WPNew\/?page_id=672"},"modified":"2023-10-01T20:25:43","modified_gmt":"2023-10-01T18:25:43","slug":"caesar-3","status":"publish","type":"page","link":"https:\/\/fwallschwil.ch\/WPNew\/caesar-3\/","title":{"rendered":"C\u00e4sar 3"},"content":{"rendered":"\t\t<div data-elementor-type=\"wp-page\" data-elementor-id=\"672\" class=\"elementor elementor-672\">\n\t\t\t\t\t\t<section class=\"elementor-section elementor-top-section elementor-element elementor-element-61cee85a elementor-section-boxed elementor-section-height-default elementor-section-height-default\" data-id=\"61cee85a\" data-element_type=\"section\">\n\t\t\t\t\t\t<div class=\"elementor-container elementor-column-gap-default\">\n\t\t\t\t\t<div class=\"elementor-column elementor-col-100 elementor-top-column elementor-element elementor-element-d60f428\" data-id=\"d60f428\" data-element_type=\"column\">\n\t\t\t<div class=\"elementor-widget-wrap elementor-element-populated\">\n\t\t\t\t\t\t<div class=\"elementor-element elementor-element-5a443ad elementor-widget elementor-widget-text-editor\" data-id=\"5a443ad\" data-element_type=\"widget\" data-widget_type=\"text-editor.default\">\n\t\t\t\t<div class=\"elementor-widget-container\">\n\t\t\t\t\t\t\t\t\t<p style=\"text-align: center;\"><a href=\"https:\/\/fwallschwil.ch\/WPNew\/caesar-2\/\">C\u00e4sar 2<\/a> | <a href=\"https:\/\/fwallschwil.ch\/WPNew\/fahrzeuge\/\">Fahrzeuge<\/a> |\u00a0<a href=\"https:\/\/fwallschwil.ch\/WPNew\/caesar-4\/\">C\u00e4sar 4<\/a><\/p>\t\t\t\t\t\t\t\t<\/div>\n\t\t\t\t<\/div>\n\t\t\t\t<div class=\"elementor-element elementor-element-1df52f5 elementor-widget elementor-widget-text-editor\" data-id=\"1df52f5\" data-element_type=\"widget\" data-widget_type=\"text-editor.default\">\n\t\t\t\t<div class=\"elementor-widget-container\">\n\t\t\t\t\t\t\t\t\t<h3 style=\"text-align: center;\"><strong>C\u00e4sar 3 | ADL | Autodrehleiter<\/strong><\/h3><div dir=\"ltr\" style=\"text-align: center;\">Mit der Autodrehleiter fahren wir hoch hinaus. Brandbek\u00e4mpfungs- und<\/div><div dir=\"ltr\" style=\"text-align: center;\">Rettungseins\u00e4tze k\u00f6nnen wir in einer H\u00f6he von bis zu 32m mit dem Korb<\/div><div dir=\"ltr\" style=\"text-align: center;\">ausf\u00fchren.<\/div>\t\t\t\t\t\t\t\t<\/div>\n\t\t\t\t<\/div>\n\t\t\t\t<div class=\"elementor-element elementor-element-d64dcc2 elementor-widget elementor-widget-image\" data-id=\"d64dcc2\" data-element_type=\"widget\" data-widget_type=\"image.default\">\n\t\t\t\t<div class=\"elementor-widget-container\">\n\t\t\t\t\t\t\t\t\t\t\t\t\t\t\t<img fetchpriority=\"high\" decoding=\"async\" width=\"448\" height=\"299\" src=\"https:\/\/fwallschwil.ch\/WPNew\/wp-content\/uploads\/2023\/10\/850_0276-1.jpg\" class=\"attachment-medium_large size-medium_large wp-image-2169\" alt=\"\" srcset=\"https:\/\/fwallschwil.ch\/WPNew\/wp-content\/uploads\/2023\/10\/850_0276-1.jpg 448w, https:\/\/fwallschwil.ch\/WPNew\/wp-content\/uploads\/2023\/10\/850_0276-1-300x200.jpg 300w\" sizes=\"(max-width: 448px) 100vw, 448px\" \/>\t\t\t\t\t\t\t\t\t\t\t\t\t\t\t<\/div>\n\t\t\t\t<\/div>\n\t\t\t\t<div class=\"elementor-element elementor-element-2ca8e059 elementor-widget elementor-widget-text-editor\" data-id=\"2ca8e059\" data-element_type=\"widget\" data-widget_type=\"text-editor.default\">\n\t\t\t\t<div class=\"elementor-widget-container\">\n\t\t\t\t\t\t\t\t\t<p style=\"text-align: center;\">\u00a0Baujahr: 2021<br \/>Basisfahrzeug: Scania P360 B (4&#215;2, Automat)<br \/>Gesamtleergewicht: 18 t<br \/>Gesamtl\u00e4nge: 8.25 m<br \/>Gesamtbreite: 2.5 m<br \/>Min. Abst\u00fctzbreite: 2.76 m<br \/>Max. Abst\u00fctzbreite: 5.45 m<br \/>Gesamth\u00f6he: 3.5 m<br \/>Radstand: 3.6 m <br \/>Wendekreis Fahrzeug: 13.9 m<br \/>Wendekreis \u00fcber Korb: 15.8 m<br \/>Leiterpark: 5 teilig, Aufrichtwinkel -15\u02da bis +75\u02da<br \/>Oberster Leiterteil: knickbar bis 75\u02da<br \/>Max. Arbeitsh\u00f6he: 32.25 m<br \/>Max. Ausladung (430kg): 16.9 m <br \/>Max. Ausladung (3 Pers): 19.8 m<br \/>Stromgenerator: 13 kVA<br \/>Wasserwerfer: im Korb fest montiert, ferngesteuert<\/p>\t\t\t\t\t\t\t\t<\/div>\n\t\t\t\t<\/div>\n\t\t\t\t\t<\/div>\n\t\t<\/div>\n\t\t\t\t\t<\/div>\n\t\t<\/section>\n\t\t\t\t<section class=\"elementor-section elementor-top-section elementor-element elementor-element-8e2a49d elementor-section-boxed elementor-section-height-default elementor-section-height-default\" data-id=\"8e2a49d\" data-element_type=\"section\">\n\t\t\t\t\t\t<div class=\"elementor-container elementor-column-gap-default\">\n\t\t\t\t\t<div class=\"elementor-column elementor-col-100 elementor-top-column elementor-element elementor-element-08cce1d\" data-id=\"08cce1d\" data-element_type=\"column\">\n\t\t\t<div class=\"elementor-widget-wrap elementor-element-populated\">\n\t\t\t\t\t\t<div class=\"elementor-element elementor-element-7d57950 elementor-arrows-position-inside elementor-pagination-position-outside elementor-widget elementor-widget-image-carousel\" data-id=\"7d57950\" data-element_type=\"widget\" data-settings=\"{&quot;navigation&quot;:&quot;both&quot;,&quot;autoplay&quot;:&quot;yes&quot;,&quot;pause_on_hover&quot;:&quot;yes&quot;,&quot;pause_on_interaction&quot;:&quot;yes&quot;,&quot;autoplay_speed&quot;:5000,&quot;infinite&quot;:&quot;yes&quot;,&quot;speed&quot;:500}\" data-widget_type=\"image-carousel.default\">\n\t\t\t\t<div class=\"elementor-widget-container\">\n\t\t\t\t\t\t\t<div class=\"elementor-image-carousel-wrapper swiper\" role=\"region\" aria-roledescription=\"carousel\" aria-label=\"Bild Karussell\" dir=\"ltr\">\n\t\t\t<div class=\"elementor-image-carousel swiper-wrapper\" aria-live=\"off\">\n\t\t\t\t\t\t\t\t<div class=\"swiper-slide\" role=\"group\" aria-roledescription=\"slide\" aria-label=\"1 von 8\"><a data-elementor-open-lightbox=\"yes\" data-elementor-lightbox-slideshow=\"7d57950\" data-elementor-lightbox-title=\"850_0276\" data-e-action-hash=\"#elementor-action%3Aaction%3Dlightbox%26settings%3DeyJpZCI6MjE2OSwidXJsIjoiaHR0cHM6XC9cL2Z3YWxsc2Nod2lsLmNoXC9XUE5ld1wvd3AtY29udGVudFwvdXBsb2Fkc1wvMjAyM1wvMTBcLzg1MF8wMjc2LTEuanBnIiwic2xpZGVzaG93IjoiN2Q1Nzk1MCJ9\" href=\"https:\/\/fwallschwil.ch\/WPNew\/wp-content\/uploads\/2023\/10\/850_0276-1.jpg\"><figure class=\"swiper-slide-inner\"><img decoding=\"async\" class=\"swiper-slide-image\" src=\"https:\/\/fwallschwil.ch\/WPNew\/wp-content\/uploads\/2023\/10\/850_0276-1-150x150.jpg\" alt=\"850_0276\" \/><\/figure><\/a><\/div><div class=\"swiper-slide\" role=\"group\" aria-roledescription=\"slide\" aria-label=\"2 von 8\"><a data-elementor-open-lightbox=\"yes\" data-elementor-lightbox-slideshow=\"7d57950\" data-elementor-lightbox-title=\"850_0287\" data-e-action-hash=\"#elementor-action%3Aaction%3Dlightbox%26settings%3DeyJpZCI6MjE3MiwidXJsIjoiaHR0cHM6XC9cL2Z3YWxsc2Nod2lsLmNoXC9XUE5ld1wvd3AtY29udGVudFwvdXBsb2Fkc1wvMjAyM1wvMTBcLzg1MF8wMjg3LmpwZyIsInNsaWRlc2hvdyI6IjdkNTc5NTAifQ%3D%3D\" href=\"https:\/\/fwallschwil.ch\/WPNew\/wp-content\/uploads\/2023\/10\/850_0287.jpg\"><figure class=\"swiper-slide-inner\"><img decoding=\"async\" class=\"swiper-slide-image\" src=\"https:\/\/fwallschwil.ch\/WPNew\/wp-content\/uploads\/2023\/10\/850_0287-150x150.jpg\" alt=\"850_0287\" \/><\/figure><\/a><\/div><div class=\"swiper-slide\" role=\"group\" aria-roledescription=\"slide\" aria-label=\"3 von 8\"><a data-elementor-open-lightbox=\"yes\" data-elementor-lightbox-slideshow=\"7d57950\" data-elementor-lightbox-title=\"850_0285\" data-e-action-hash=\"#elementor-action%3Aaction%3Dlightbox%26settings%3DeyJpZCI6MjE3MSwidXJsIjoiaHR0cHM6XC9cL2Z3YWxsc2Nod2lsLmNoXC9XUE5ld1wvd3AtY29udGVudFwvdXBsb2Fkc1wvMjAyM1wvMTBcLzg1MF8wMjg1LmpwZyIsInNsaWRlc2hvdyI6IjdkNTc5NTAifQ%3D%3D\" href=\"https:\/\/fwallschwil.ch\/WPNew\/wp-content\/uploads\/2023\/10\/850_0285.jpg\"><figure class=\"swiper-slide-inner\"><img decoding=\"async\" class=\"swiper-slide-image\" src=\"https:\/\/fwallschwil.ch\/WPNew\/wp-content\/uploads\/2023\/10\/850_0285-150x150.jpg\" alt=\"850_0285\" \/><\/figure><\/a><\/div><div class=\"swiper-slide\" role=\"group\" aria-roledescription=\"slide\" aria-label=\"4 von 8\"><a data-elementor-open-lightbox=\"yes\" data-elementor-lightbox-slideshow=\"7d57950\" data-elementor-lightbox-title=\"850_0284\" data-e-action-hash=\"#elementor-action%3Aaction%3Dlightbox%26settings%3DeyJpZCI6MjE3MCwidXJsIjoiaHR0cHM6XC9cL2Z3YWxsc2Nod2lsLmNoXC9XUE5ld1wvd3AtY29udGVudFwvdXBsb2Fkc1wvMjAyM1wvMTBcLzg1MF8wMjg0LmpwZyIsInNsaWRlc2hvdyI6IjdkNTc5NTAifQ%3D%3D\" href=\"https:\/\/fwallschwil.ch\/WPNew\/wp-content\/uploads\/2023\/10\/850_0284.jpg\"><figure class=\"swiper-slide-inner\"><img decoding=\"async\" class=\"swiper-slide-image\" src=\"https:\/\/fwallschwil.ch\/WPNew\/wp-content\/uploads\/2023\/10\/850_0284-150x150.jpg\" alt=\"850_0284\" \/><\/figure><\/a><\/div><div class=\"swiper-slide\" role=\"group\" aria-roledescription=\"slide\" aria-label=\"5 von 8\"><a data-elementor-open-lightbox=\"yes\" data-elementor-lightbox-slideshow=\"7d57950\" data-elementor-lightbox-title=\"850_0289\" data-e-action-hash=\"#elementor-action%3Aaction%3Dlightbox%26settings%3DeyJpZCI6MjE3MywidXJsIjoiaHR0cHM6XC9cL2Z3YWxsc2Nod2lsLmNoXC9XUE5ld1wvd3AtY29udGVudFwvdXBsb2Fkc1wvMjAyM1wvMTBcLzg1MF8wMjg5LmpwZyIsInNsaWRlc2hvdyI6IjdkNTc5NTAifQ%3D%3D\" href=\"https:\/\/fwallschwil.ch\/WPNew\/wp-content\/uploads\/2023\/10\/850_0289.jpg\"><figure class=\"swiper-slide-inner\"><img decoding=\"async\" class=\"swiper-slide-image\" src=\"https:\/\/fwallschwil.ch\/WPNew\/wp-content\/uploads\/2023\/10\/850_0289-150x150.jpg\" alt=\"850_0289\" \/><\/figure><\/a><\/div><div class=\"swiper-slide\" role=\"group\" aria-roledescription=\"slide\" aria-label=\"6 von 8\"><a data-elementor-open-lightbox=\"yes\" data-elementor-lightbox-slideshow=\"7d57950\" data-elementor-lightbox-title=\"phoca_thumb_l_adl\" data-e-action-hash=\"#elementor-action%3Aaction%3Dlightbox%26settings%3DeyJpZCI6NTQxLCJ1cmwiOiJodHRwczpcL1wvZndhbGxzY2h3aWwuY2hcL1dQTmV3XC93cC1jb250ZW50XC91cGxvYWRzXC8yMDIyXC8xMFwvcGhvY2FfdGh1bWJfbF9hZGwuanBnIiwic2xpZGVzaG93IjoiN2Q1Nzk1MCJ9\" href=\"https:\/\/fwallschwil.ch\/WPNew\/wp-content\/uploads\/2022\/10\/phoca_thumb_l_adl.jpg\"><figure class=\"swiper-slide-inner\"><img decoding=\"async\" class=\"swiper-slide-image\" src=\"https:\/\/fwallschwil.ch\/WPNew\/wp-content\/uploads\/2022\/10\/phoca_thumb_l_adl-150x150.jpg\" alt=\"phoca_thumb_l_adl\" \/><\/figure><\/a><\/div><div class=\"swiper-slide\" role=\"group\" aria-roledescription=\"slide\" aria-label=\"7 von 8\"><a data-elementor-open-lightbox=\"yes\" data-elementor-lightbox-slideshow=\"7d57950\" data-elementor-lightbox-title=\"phoca_thumb_l_adl_ li_z\" data-e-action-hash=\"#elementor-action%3Aaction%3Dlightbox%26settings%3DeyJpZCI6NjgwLCJ1cmwiOiJodHRwczpcL1wvZndhbGxzY2h3aWwuY2hcL1dQTmV3XC93cC1jb250ZW50XC91cGxvYWRzXC8yMDIyXC8xMFwvcGhvY2FfdGh1bWJfbF9hZGxfLWxpX3otMi5qcGciLCJzbGlkZXNob3ciOiI3ZDU3OTUwIn0%3D\" href=\"https:\/\/fwallschwil.ch\/WPNew\/wp-content\/uploads\/2022\/10\/phoca_thumb_l_adl_-li_z-2.jpg\"><figure class=\"swiper-slide-inner\"><img decoding=\"async\" class=\"swiper-slide-image\" src=\"https:\/\/fwallschwil.ch\/WPNew\/wp-content\/uploads\/2022\/10\/phoca_thumb_l_adl_-li_z-2-150x150.jpg\" alt=\"phoca_thumb_l_adl_ li_z\" \/><\/figure><\/a><\/div><div class=\"swiper-slide\" role=\"group\" aria-roledescription=\"slide\" aria-label=\"8 von 8\"><a data-elementor-open-lightbox=\"yes\" data-elementor-lightbox-slideshow=\"7d57950\" data-elementor-lightbox-title=\"phoca_thumb_l_adl_ re_ z\" data-e-action-hash=\"#elementor-action%3Aaction%3Dlightbox%26settings%3DeyJpZCI6NTQzLCJ1cmwiOiJodHRwczpcL1wvZndhbGxzY2h3aWwuY2hcL1dQTmV3XC93cC1jb250ZW50XC91cGxvYWRzXC8yMDIyXC8xMFwvcGhvY2FfdGh1bWJfbF9hZGxfLXJlXy16LmpwZyIsInNsaWRlc2hvdyI6IjdkNTc5NTAifQ%3D%3D\" href=\"https:\/\/fwallschwil.ch\/WPNew\/wp-content\/uploads\/2022\/10\/phoca_thumb_l_adl_-re_-z.jpg\"><figure class=\"swiper-slide-inner\"><img decoding=\"async\" class=\"swiper-slide-image\" src=\"https:\/\/fwallschwil.ch\/WPNew\/wp-content\/uploads\/2022\/10\/phoca_thumb_l_adl_-re_-z-150x150.jpg\" alt=\"phoca_thumb_l_adl_ re_ z\" \/><\/figure><\/a><\/div>\t\t\t<\/div>\n\t\t\t\t\t\t\t\t\t\t\t\t<div class=\"elementor-swiper-button elementor-swiper-button-prev\" role=\"button\" tabindex=\"0\">\n\t\t\t\t\t\t<i aria-hidden=\"true\" class=\"eicon-chevron-left\"><\/i>\t\t\t\t\t<\/div>\n\t\t\t\t\t<div class=\"elementor-swiper-button elementor-swiper-button-next\" role=\"button\" tabindex=\"0\">\n\t\t\t\t\t\t<i aria-hidden=\"true\" class=\"eicon-chevron-right\"><\/i>\t\t\t\t\t<\/div>\n\t\t\t\t\n\t\t\t\t\t\t\t\t\t<div class=\"swiper-pagination\"><\/div>\n\t\t\t\t\t\t\t\t\t<\/div>\n\t\t\t\t\t\t<\/div>\n\t\t\t\t<\/div>\n\t\t\t\t\t<\/div>\n\t\t<\/div>\n\t\t\t\t\t<\/div>\n\t\t<\/section>\n\t\t\t\t<\/div>\n\t\t","protected":false},"excerpt":{"rendered":"<p>C\u00e4sar 2 | Fahrzeuge |\u00a0C\u00e4sar 4 C\u00e4sar 3 | ADL | Autodrehleiter Mit der Autodrehleiter fahren wir hoch hinaus. Brandbek\u00e4mpfungs- undRettungseins\u00e4tze k\u00f6nnen wir in einer H\u00f6he von bis zu 32m mit dem Korbausf\u00fchren. \u00a0Baujahr: 2021Basisfahrzeug: Scania P360 B (4&#215;2, Automat)Gesamtleergewicht: 18 tGesamtl\u00e4nge: 8.25 mGesamtbreite: 2.5 mMin. Abst\u00fctzbreite: 2.76 mMax. Abst\u00fctzbreite: 5.45 mGesamth\u00f6he: 3.5 mRadstand: 3.6 [&hellip;]<\/p>\n","protected":false},"author":3,"featured_media":0,"parent":0,"menu_order":0,"comment_status":"closed","ping_status":"closed","template":"","meta":{"footnotes":""},"class_list":["post-672","page","type-page","status-publish","hentry"],"yoast_head":"<!-- This site is optimized with the Yoast SEO plugin v26.2 - https:\/\/yoast.com\/wordpress\/plugins\/seo\/ -->\n<title>C\u00e4sar 3 - Feuerwehr Allschwil-Sch\u00f6nenbuch<\/title>\n<meta name=\"robots\" content=\"index, follow, max-snippet:-1, max-image-preview:large, max-video-preview:-1\" \/>\n<link rel=\"canonical\" href=\"https:\/\/fwallschwil.ch\/WPNew\/caesar-3\/\" \/>\n<meta property=\"og:locale\" content=\"de_DE\" \/>\n<meta property=\"og:type\" content=\"article\" \/>\n<meta property=\"og:title\" content=\"C\u00e4sar 3 - Feuerwehr Allschwil-Sch\u00f6nenbuch\" \/>\n<meta property=\"og:description\" content=\"C\u00e4sar 2 | Fahrzeuge |\u00a0C\u00e4sar 4 C\u00e4sar 3 | ADL | Autodrehleiter Mit der Autodrehleiter fahren wir hoch hinaus. Brandbek\u00e4mpfungs- undRettungseins\u00e4tze k\u00f6nnen wir in einer H\u00f6he von bis zu 32m mit dem Korbausf\u00fchren. \u00a0Baujahr: 2021Basisfahrzeug: Scania P360 B (4&#215;2, Automat)Gesamtleergewicht: 18 tGesamtl\u00e4nge: 8.25 mGesamtbreite: 2.5 mMin. Abst\u00fctzbreite: 2.76 mMax. Abst\u00fctzbreite: 5.45 mGesamth\u00f6he: 3.5 mRadstand: 3.6 [&hellip;]\" \/>\n<meta property=\"og:url\" content=\"https:\/\/fwallschwil.ch\/WPNew\/caesar-3\/\" \/>\n<meta property=\"og:site_name\" content=\"Feuerwehr Allschwil-Sch\u00f6nenbuch\" \/>\n<meta property=\"article:modified_time\" content=\"2023-10-01T18:25:43+00:00\" \/>\n<meta property=\"og:image\" content=\"https:\/\/fwallschwil.ch\/WPNew\/wp-content\/uploads\/2023\/10\/850_0276-1.jpg\" \/>\n<meta name=\"twitter:card\" content=\"summary_large_image\" \/>\n<script type=\"application\/ld+json\" class=\"yoast-schema-graph\">{\"@context\":\"https:\/\/schema.org\",\"@graph\":[{\"@type\":\"WebPage\",\"@id\":\"https:\/\/fwallschwil.ch\/WPNew\/caesar-3\/\",\"url\":\"https:\/\/fwallschwil.ch\/WPNew\/caesar-3\/\",\"name\":\"C\u00e4sar 3 - Feuerwehr Allschwil-Sch\u00f6nenbuch\",\"isPartOf\":{\"@id\":\"https:\/\/fwallschwil.ch\/WPNew\/#website\"},\"primaryImageOfPage\":{\"@id\":\"https:\/\/fwallschwil.ch\/WPNew\/caesar-3\/#primaryimage\"},\"image\":{\"@id\":\"https:\/\/fwallschwil.ch\/WPNew\/caesar-3\/#primaryimage\"},\"thumbnailUrl\":\"https:\/\/fwallschwil.ch\/WPNew\/wp-content\/uploads\/2023\/10\/850_0276-1.jpg\",\"datePublished\":\"2022-10-31T12:04:23+00:00\",\"dateModified\":\"2023-10-01T18:25:43+00:00\",\"breadcrumb\":{\"@id\":\"https:\/\/fwallschwil.ch\/WPNew\/caesar-3\/#breadcrumb\"},\"inLanguage\":\"de\",\"potentialAction\":[{\"@type\":\"ReadAction\",\"target\":[\"https:\/\/fwallschwil.ch\/WPNew\/caesar-3\/\"]}]},{\"@type\":\"ImageObject\",\"inLanguage\":\"de\",\"@id\":\"https:\/\/fwallschwil.ch\/WPNew\/caesar-3\/#primaryimage\",\"url\":\"https:\/\/fwallschwil.ch\/WPNew\/wp-content\/uploads\/2023\/10\/850_0276-1.jpg\",\"contentUrl\":\"https:\/\/fwallschwil.ch\/WPNew\/wp-content\/uploads\/2023\/10\/850_0276-1.jpg\"},{\"@type\":\"BreadcrumbList\",\"@id\":\"https:\/\/fwallschwil.ch\/WPNew\/caesar-3\/#breadcrumb\",\"itemListElement\":[{\"@type\":\"ListItem\",\"position\":1,\"name\":\"Startseite\",\"item\":\"https:\/\/fwallschwil.ch\/WPNew\/\"},{\"@type\":\"ListItem\",\"position\":2,\"name\":\"C\u00e4sar 3\"}]},{\"@type\":\"WebSite\",\"@id\":\"https:\/\/fwallschwil.ch\/WPNew\/#website\",\"url\":\"https:\/\/fwallschwil.ch\/WPNew\/\",\"name\":\"Feuerwehr Allschwil-Sch\u00f6nenbuch\",\"description\":\"Die Webseite der Feuerwehr Allschwil-Sch\u00f6nenbuch\",\"publisher\":{\"@id\":\"https:\/\/fwallschwil.ch\/WPNew\/#organization\"},\"potentialAction\":[{\"@type\":\"SearchAction\",\"target\":{\"@type\":\"EntryPoint\",\"urlTemplate\":\"https:\/\/fwallschwil.ch\/WPNew\/?s={search_term_string}\"},\"query-input\":{\"@type\":\"PropertyValueSpecification\",\"valueRequired\":true,\"valueName\":\"search_term_string\"}}],\"inLanguage\":\"de\"},{\"@type\":\"Organization\",\"@id\":\"https:\/\/fwallschwil.ch\/WPNew\/#organization\",\"name\":\"Feuerwehr Allschwil-Sch\u00f6nenbuch\",\"url\":\"https:\/\/fwallschwil.ch\/WPNew\/\",\"logo\":{\"@type\":\"ImageObject\",\"inLanguage\":\"de\",\"@id\":\"https:\/\/fwallschwil.ch\/WPNew\/#\/schema\/logo\/image\/\",\"url\":\"https:\/\/fwallschwil.ch\/WPNew\/wp-content\/uploads\/2022\/04\/850_0019-copy.jpg\",\"contentUrl\":\"https:\/\/fwallschwil.ch\/WPNew\/wp-content\/uploads\/2022\/04\/850_0019-copy.jpg\",\"width\":120,\"height\":90,\"caption\":\"Feuerwehr Allschwil-Sch\u00f6nenbuch\"},\"image\":{\"@id\":\"https:\/\/fwallschwil.ch\/WPNew\/#\/schema\/logo\/image\/\"}}]}<\/script>\n<!-- \/ Yoast SEO plugin. -->","yoast_head_json":{"title":"C\u00e4sar 3 - Feuerwehr Allschwil-Sch\u00f6nenbuch","robots":{"index":"index","follow":"follow","max-snippet":"max-snippet:-1","max-image-preview":"max-image-preview:large","max-video-preview":"max-video-preview:-1"},"canonical":"https:\/\/fwallschwil.ch\/WPNew\/caesar-3\/","og_locale":"de_DE","og_type":"article","og_title":"C\u00e4sar 3 - Feuerwehr Allschwil-Sch\u00f6nenbuch","og_description":"C\u00e4sar 2 | Fahrzeuge |\u00a0C\u00e4sar 4 C\u00e4sar 3 | ADL | Autodrehleiter Mit der Autodrehleiter fahren wir hoch hinaus. Brandbek\u00e4mpfungs- undRettungseins\u00e4tze k\u00f6nnen wir in einer H\u00f6he von bis zu 32m mit dem Korbausf\u00fchren. \u00a0Baujahr: 2021Basisfahrzeug: Scania P360 B (4&#215;2, Automat)Gesamtleergewicht: 18 tGesamtl\u00e4nge: 8.25 mGesamtbreite: 2.5 mMin. Abst\u00fctzbreite: 2.76 mMax. Abst\u00fctzbreite: 5.45 mGesamth\u00f6he: 3.5 mRadstand: 3.6 [&hellip;]","og_url":"https:\/\/fwallschwil.ch\/WPNew\/caesar-3\/","og_site_name":"Feuerwehr Allschwil-Sch\u00f6nenbuch","article_modified_time":"2023-10-01T18:25:43+00:00","og_image":[{"url":"https:\/\/fwallschwil.ch\/WPNew\/wp-content\/uploads\/2023\/10\/850_0276-1.jpg","type":"","width":"","height":""}],"twitter_card":"summary_large_image","schema":{"@context":"https:\/\/schema.org","@graph":[{"@type":"WebPage","@id":"https:\/\/fwallschwil.ch\/WPNew\/caesar-3\/","url":"https:\/\/fwallschwil.ch\/WPNew\/caesar-3\/","name":"C\u00e4sar 3 - Feuerwehr Allschwil-Sch\u00f6nenbuch","isPartOf":{"@id":"https:\/\/fwallschwil.ch\/WPNew\/#website"},"primaryImageOfPage":{"@id":"https:\/\/fwallschwil.ch\/WPNew\/caesar-3\/#primaryimage"},"image":{"@id":"https:\/\/fwallschwil.ch\/WPNew\/caesar-3\/#primaryimage"},"thumbnailUrl":"https:\/\/fwallschwil.ch\/WPNew\/wp-content\/uploads\/2023\/10\/850_0276-1.jpg","datePublished":"2022-10-31T12:04:23+00:00","dateModified":"2023-10-01T18:25:43+00:00","breadcrumb":{"@id":"https:\/\/fwallschwil.ch\/WPNew\/caesar-3\/#breadcrumb"},"inLanguage":"de","potentialAction":[{"@type":"ReadAction","target":["https:\/\/fwallschwil.ch\/WPNew\/caesar-3\/"]}]},{"@type":"ImageObject","inLanguage":"de","@id":"https:\/\/fwallschwil.ch\/WPNew\/caesar-3\/#primaryimage","url":"https:\/\/fwallschwil.ch\/WPNew\/wp-content\/uploads\/2023\/10\/850_0276-1.jpg","contentUrl":"https:\/\/fwallschwil.ch\/WPNew\/wp-content\/uploads\/2023\/10\/850_0276-1.jpg"},{"@type":"BreadcrumbList","@id":"https:\/\/fwallschwil.ch\/WPNew\/caesar-3\/#breadcrumb","itemListElement":[{"@type":"ListItem","position":1,"name":"Startseite","item":"https:\/\/fwallschwil.ch\/WPNew\/"},{"@type":"ListItem","position":2,"name":"C\u00e4sar 3"}]},{"@type":"WebSite","@id":"https:\/\/fwallschwil.ch\/WPNew\/#website","url":"https:\/\/fwallschwil.ch\/WPNew\/","name":"Feuerwehr Allschwil-Sch\u00f6nenbuch","description":"Die Webseite der Feuerwehr Allschwil-Sch\u00f6nenbuch","publisher":{"@id":"https:\/\/fwallschwil.ch\/WPNew\/#organization"},"potentialAction":[{"@type":"SearchAction","target":{"@type":"EntryPoint","urlTemplate":"https:\/\/fwallschwil.ch\/WPNew\/?s={search_term_string}"},"query-input":{"@type":"PropertyValueSpecification","valueRequired":true,"valueName":"search_term_string"}}],"inLanguage":"de"},{"@type":"Organization","@id":"https:\/\/fwallschwil.ch\/WPNew\/#organization","name":"Feuerwehr Allschwil-Sch\u00f6nenbuch","url":"https:\/\/fwallschwil.ch\/WPNew\/","logo":{"@type":"ImageObject","inLanguage":"de","@id":"https:\/\/fwallschwil.ch\/WPNew\/#\/schema\/logo\/image\/","url":"https:\/\/fwallschwil.ch\/WPNew\/wp-content\/uploads\/2022\/04\/850_0019-copy.jpg","contentUrl":"https:\/\/fwallschwil.ch\/WPNew\/wp-content\/uploads\/2022\/04\/850_0019-copy.jpg","width":120,"height":90,"caption":"Feuerwehr Allschwil-Sch\u00f6nenbuch"},"image":{"@id":"https:\/\/fwallschwil.ch\/WPNew\/#\/schema\/logo\/image\/"}}]}},"_links":{"self":[{"href":"https:\/\/fwallschwil.ch\/WPNew\/wp-json\/wp\/v2\/pages\/672","targetHints":{"allow":["GET"]}}],"collection":[{"href":"https:\/\/fwallschwil.ch\/WPNew\/wp-json\/wp\/v2\/pages"}],"about":[{"href":"https:\/\/fwallschwil.ch\/WPNew\/wp-json\/wp\/v2\/types\/page"}],"author":[{"embeddable":true,"href":"https:\/\/fwallschwil.ch\/WPNew\/wp-json\/wp\/v2\/users\/3"}],"replies":[{"embeddable":true,"href":"https:\/\/fwallschwil.ch\/WPNew\/wp-json\/wp\/v2\/comments?post=672"}],"version-history":[{"count":29,"href":"https:\/\/fwallschwil.ch\/WPNew\/wp-json\/wp\/v2\/pages\/672\/revisions"}],"predecessor-version":[{"id":2182,"href":"https:\/\/fwallschwil.ch\/WPNew\/wp-json\/wp\/v2\/pages\/672\/revisions\/2182"}],"wp:attachment":[{"href":"https:\/\/fwallschwil.ch\/WPNew\/wp-json\/wp\/v2\/media?parent=672"}],"curies":[{"name":"wp","href":"https:\/\/api.w.org\/{rel}","templated":true}]}}