{"id":712,"date":"2022-10-31T13:31:44","date_gmt":"2022-10-31T12:31:44","guid":{"rendered":"https:\/\/fwallschwil.ch\/WPNew\/?page_id=712"},"modified":"2023-10-01T20:49:07","modified_gmt":"2023-10-01T18:49:07","slug":"caesar-4","status":"publish","type":"page","link":"https:\/\/fwallschwil.ch\/WPNew\/caesar-4\/","title":{"rendered":"C\u00e4sar 4"},"content":{"rendered":"\t\t<div data-elementor-type=\"wp-page\" data-elementor-id=\"712\" class=\"elementor elementor-712\">\n\t\t\t\t\t\t<section class=\"elementor-section elementor-top-section elementor-element elementor-element-70bfe91f elementor-section-boxed elementor-section-height-default elementor-section-height-default\" data-id=\"70bfe91f\" data-element_type=\"section\">\n\t\t\t\t\t\t<div class=\"elementor-container elementor-column-gap-default\">\n\t\t\t\t\t<div class=\"elementor-column elementor-col-100 elementor-top-column elementor-element elementor-element-5d7c9390\" data-id=\"5d7c9390\" data-element_type=\"column\">\n\t\t\t<div class=\"elementor-widget-wrap elementor-element-populated\">\n\t\t\t\t\t\t<div class=\"elementor-element elementor-element-0699b03 elementor-widget elementor-widget-text-editor\" data-id=\"0699b03\" data-element_type=\"widget\" data-widget_type=\"text-editor.default\">\n\t\t\t\t<div class=\"elementor-widget-container\">\n\t\t\t\t\t\t\t\t\t<p><a href=\"https:\/\/fwallschwil.ch\/WPNew\/caesar-3\/\">C\u00e4sar 3<\/a> | <a href=\"https:\/\/fwallschwil.ch\/WPNew\/fahrzeuge\/\">Fahrzeuge<\/a> |\u00a0<a href=\"https:\/\/fwallschwil.ch\/WPNew\/caesar-5\/\">C\u00e4sar 5<\/a><\/p>\t\t\t\t\t\t\t\t<\/div>\n\t\t\t\t<\/div>\n\t\t\t\t<div class=\"elementor-element elementor-element-b354451 elementor-widget elementor-widget-text-editor\" data-id=\"b354451\" data-element_type=\"widget\" data-widget_type=\"text-editor.default\">\n\t\t\t\t<div class=\"elementor-widget-container\">\n\t\t\t\t\t\t\t\t\t<h3 style=\"text-align: center;\"><strong>C\u00e4sar 4 | <\/strong><strong>Atemschutzfahrzeug<\/strong><\/h3>\n<div dir=\"ltr\" style=\"text-align: center;\">Bei gr\u00f6sseren Brandereignissen bringt unser Atemschutzbus bis zu<\/div>\n<div dir=\"ltr\" style=\"text-align: center;\">sechs Atemschutzger\u00e4tetr\u00e4gerinnen und -Tr\u00e4ger, welche sich w\u00e4hrend der Fahrt<\/div>\n<div dir=\"ltr\" style=\"text-align: center;\">bereits ausr\u00fcsten k\u00f6nnen, sowie einen Chauffeur und einen<\/div>\n<div dir=\"ltr\" style=\"text-align: center;\">Atemschutz\u00fcberwacher oder eine Atemschutz\u00fcberwacherin vor Ort. Zus\u00e4tzliche<\/div>\n<div dir=\"ltr\" style=\"text-align: center;\">Ausr\u00fcstung wie sechs Atemschutzger\u00e4te, ein Atemschutznotfallset,<\/div>\n<div dir=\"ltr\" style=\"text-align: center;\">Fluchthauben und ein Turbol\u00fcfter sind standardm\u00e4ssig ebenfalls mit an Bord.<\/div>\t\t\t\t\t\t\t\t<\/div>\n\t\t\t\t<\/div>\n\t\t\t\t<div class=\"elementor-element elementor-element-1825503 elementor-widget elementor-widget-image\" data-id=\"1825503\" data-element_type=\"widget\" data-widget_type=\"image.default\">\n\t\t\t\t<div class=\"elementor-widget-container\">\n\t\t\t\t\t\t\t\t\t\t\t\t\t\t\t<img fetchpriority=\"high\" decoding=\"async\" width=\"768\" height=\"414\" src=\"https:\/\/fwallschwil.ch\/WPNew\/wp-content\/uploads\/2022\/10\/DSC03834-1-e1667218812288-768x414.jpg\" class=\"attachment-medium_large size-medium_large wp-image-696\" alt=\"\" srcset=\"https:\/\/fwallschwil.ch\/WPNew\/wp-content\/uploads\/2022\/10\/DSC03834-1-e1667218812288-768x414.jpg 768w, https:\/\/fwallschwil.ch\/WPNew\/wp-content\/uploads\/2022\/10\/DSC03834-1-e1667218812288-300x162.jpg 300w, https:\/\/fwallschwil.ch\/WPNew\/wp-content\/uploads\/2022\/10\/DSC03834-1-e1667218812288-1024x552.jpg 1024w, https:\/\/fwallschwil.ch\/WPNew\/wp-content\/uploads\/2022\/10\/DSC03834-1-e1667218812288-1536x827.jpg 1536w, https:\/\/fwallschwil.ch\/WPNew\/wp-content\/uploads\/2022\/10\/DSC03834-1-e1667218812288.jpg 1966w\" sizes=\"(max-width: 768px) 100vw, 768px\" \/>\t\t\t\t\t\t\t\t\t\t\t\t\t\t\t<\/div>\n\t\t\t\t<\/div>\n\t\t\t\t<div class=\"elementor-element elementor-element-2a730cba elementor-widget elementor-widget-text-editor\" data-id=\"2a730cba\" data-element_type=\"widget\" data-widget_type=\"text-editor.default\">\n\t\t\t\t<div class=\"elementor-widget-container\">\n\t\t\t\t\t\t\t\t\t<p><\/p>\n<p><\/p>\n<p>Baujahr: 2010<br \/>L\u00e4nge: 6,2m<br \/>Breite: 2,5m<br \/>H\u00f6he: 3,1m<br \/>Gesamtgewicht: 5t<br \/>Fahrgestell:<br \/>Chassis: Mercedes-Benz 519 CDI KW HD 4&#215;4<br \/>Motor: V6 4takt-Diesel Euro 5 <br \/>Leistung: 190PS bei 3800 U\/min<br \/>max. Drehmoment: 440Nm bei 1600 bis 2600 U\/min<br \/>Getriebe: 4-Gang Automatikgetriebe<br \/>Aufbau:<br \/>Atemschutzger\u00e4te: 12 St\u00fcck<br \/>Mannschaftsraum: 6 mit Atemschutz ausger\u00fcstete Sitze<br \/>Fahrerraum: 3 Sitzpl\u00e4tze<\/p>\n<p><br \/>Diverse Atemschutzmaterialien im Materialraum<\/p>\n<p>\u00a0<\/p>\n<p><\/p>\t\t\t\t\t\t\t\t<\/div>\n\t\t\t\t<\/div>\n\t\t\t\t\t<\/div>\n\t\t<\/div>\n\t\t\t\t\t<\/div>\n\t\t<\/section>\n\t\t\t\t<section class=\"elementor-section elementor-top-section elementor-element elementor-element-d3fb864 elementor-section-boxed elementor-section-height-default elementor-section-height-default\" data-id=\"d3fb864\" data-element_type=\"section\">\n\t\t\t\t\t\t<div class=\"elementor-container elementor-column-gap-default\">\n\t\t\t\t\t<div class=\"elementor-column elementor-col-100 elementor-top-column elementor-element elementor-element-dea8014\" data-id=\"dea8014\" data-element_type=\"column\">\n\t\t\t<div class=\"elementor-widget-wrap elementor-element-populated\">\n\t\t\t\t\t\t<div class=\"elementor-element elementor-element-57124cd elementor-arrows-position-inside elementor-pagination-position-outside elementor-widget elementor-widget-image-carousel\" data-id=\"57124cd\" data-element_type=\"widget\" data-settings=\"{&quot;navigation&quot;:&quot;both&quot;,&quot;autoplay&quot;:&quot;yes&quot;,&quot;pause_on_hover&quot;:&quot;yes&quot;,&quot;pause_on_interaction&quot;:&quot;yes&quot;,&quot;autoplay_speed&quot;:5000,&quot;infinite&quot;:&quot;yes&quot;,&quot;speed&quot;:500}\" data-widget_type=\"image-carousel.default\">\n\t\t\t\t<div class=\"elementor-widget-container\">\n\t\t\t\t\t\t\t<div class=\"elementor-image-carousel-wrapper swiper\" role=\"region\" aria-roledescription=\"carousel\" aria-label=\"Bild Karussell\" dir=\"ltr\">\n\t\t\t<div class=\"elementor-image-carousel swiper-wrapper\" aria-live=\"off\">\n\t\t\t\t\t\t\t\t<div class=\"swiper-slide\" role=\"group\" aria-roledescription=\"slide\" aria-label=\"1 von 9\"><a data-elementor-open-lightbox=\"yes\" data-elementor-lightbox-slideshow=\"57124cd\" data-elementor-lightbox-title=\"850_0300\" data-e-action-hash=\"#elementor-action%3Aaction%3Dlightbox%26settings%3DeyJpZCI6MjE5OSwidXJsIjoiaHR0cHM6XC9cL2Z3YWxsc2Nod2lsLmNoXC9XUE5ld1wvd3AtY29udGVudFwvdXBsb2Fkc1wvMjAyM1wvMTBcLzg1MF8wMzAwLmpwZyIsInNsaWRlc2hvdyI6IjU3MTI0Y2QifQ%3D%3D\" href=\"https:\/\/fwallschwil.ch\/WPNew\/wp-content\/uploads\/2023\/10\/850_0300.jpg\"><figure class=\"swiper-slide-inner\"><img decoding=\"async\" class=\"swiper-slide-image\" src=\"https:\/\/fwallschwil.ch\/WPNew\/wp-content\/uploads\/2023\/10\/850_0300-150x150.jpg\" alt=\"850_0300\" \/><\/figure><\/a><\/div><div class=\"swiper-slide\" role=\"group\" aria-roledescription=\"slide\" aria-label=\"2 von 9\"><a data-elementor-open-lightbox=\"yes\" data-elementor-lightbox-slideshow=\"57124cd\" data-elementor-lightbox-title=\"850_0302\" data-e-action-hash=\"#elementor-action%3Aaction%3Dlightbox%26settings%3DeyJpZCI6MjIwMCwidXJsIjoiaHR0cHM6XC9cL2Z3YWxsc2Nod2lsLmNoXC9XUE5ld1wvd3AtY29udGVudFwvdXBsb2Fkc1wvMjAyM1wvMTBcLzg1MF8wMzAyLTEuanBnIiwic2xpZGVzaG93IjoiNTcxMjRjZCJ9\" href=\"https:\/\/fwallschwil.ch\/WPNew\/wp-content\/uploads\/2023\/10\/850_0302-1.jpg\"><figure class=\"swiper-slide-inner\"><img decoding=\"async\" class=\"swiper-slide-image\" src=\"https:\/\/fwallschwil.ch\/WPNew\/wp-content\/uploads\/2023\/10\/850_0302-1-150x150.jpg\" alt=\"850_0302\" \/><\/figure><\/a><\/div><div class=\"swiper-slide\" role=\"group\" aria-roledescription=\"slide\" aria-label=\"3 von 9\"><a data-elementor-open-lightbox=\"yes\" data-elementor-lightbox-slideshow=\"57124cd\" data-elementor-lightbox-title=\"850_0299\" data-e-action-hash=\"#elementor-action%3Aaction%3Dlightbox%26settings%3DeyJpZCI6MjE5OCwidXJsIjoiaHR0cHM6XC9cL2Z3YWxsc2Nod2lsLmNoXC9XUE5ld1wvd3AtY29udGVudFwvdXBsb2Fkc1wvMjAyM1wvMTBcLzg1MF8wMjk5LmpwZyIsInNsaWRlc2hvdyI6IjU3MTI0Y2QifQ%3D%3D\" href=\"https:\/\/fwallschwil.ch\/WPNew\/wp-content\/uploads\/2023\/10\/850_0299.jpg\"><figure class=\"swiper-slide-inner\"><img decoding=\"async\" class=\"swiper-slide-image\" src=\"https:\/\/fwallschwil.ch\/WPNew\/wp-content\/uploads\/2023\/10\/850_0299-150x150.jpg\" alt=\"850_0299\" \/><\/figure><\/a><\/div><div class=\"swiper-slide\" role=\"group\" aria-roledescription=\"slide\" aria-label=\"4 von 9\"><a data-elementor-open-lightbox=\"yes\" data-elementor-lightbox-slideshow=\"57124cd\" data-elementor-lightbox-title=\"C4\" data-e-action-hash=\"#elementor-action%3Aaction%3Dlightbox%26settings%3DeyJpZCI6NDgwLCJ1cmwiOiJodHRwczpcL1wvZndhbGxzY2h3aWwuY2hcL1dQTmV3XC93cC1jb250ZW50XC91cGxvYWRzXC8yMDIyXC8xMFwvRFNDMDM4NDIuanBnIiwic2xpZGVzaG93IjoiNTcxMjRjZCJ9\" href=\"https:\/\/fwallschwil.ch\/WPNew\/wp-content\/uploads\/2022\/10\/DSC03842.jpg\"><figure class=\"swiper-slide-inner\"><img decoding=\"async\" class=\"swiper-slide-image\" src=\"https:\/\/fwallschwil.ch\/WPNew\/wp-content\/uploads\/2022\/10\/DSC03842-150x150.jpg\" alt=\"C4\" \/><\/figure><\/a><\/div><div class=\"swiper-slide\" role=\"group\" aria-roledescription=\"slide\" aria-label=\"5 von 9\"><a data-elementor-open-lightbox=\"yes\" data-elementor-lightbox-slideshow=\"57124cd\" data-elementor-lightbox-title=\"C4\" data-e-action-hash=\"#elementor-action%3Aaction%3Dlightbox%26settings%3DeyJpZCI6NDc4LCJ1cmwiOiJodHRwczpcL1wvZndhbGxzY2h3aWwuY2hcL1dQTmV3XC93cC1jb250ZW50XC91cGxvYWRzXC8yMDIyXC8xMFwvRFNDMDM4NDAuanBnIiwic2xpZGVzaG93IjoiNTcxMjRjZCJ9\" href=\"https:\/\/fwallschwil.ch\/WPNew\/wp-content\/uploads\/2022\/10\/DSC03840.jpg\"><figure class=\"swiper-slide-inner\"><img decoding=\"async\" class=\"swiper-slide-image\" src=\"https:\/\/fwallschwil.ch\/WPNew\/wp-content\/uploads\/2022\/10\/DSC03840-150x150.jpg\" alt=\"C4\" \/><\/figure><\/a><\/div><div class=\"swiper-slide\" role=\"group\" aria-roledescription=\"slide\" aria-label=\"6 von 9\"><a data-elementor-open-lightbox=\"yes\" data-elementor-lightbox-slideshow=\"57124cd\" data-elementor-lightbox-title=\"C4\" data-e-action-hash=\"#elementor-action%3Aaction%3Dlightbox%26settings%3DeyJpZCI6NDc5LCJ1cmwiOiJodHRwczpcL1wvZndhbGxzY2h3aWwuY2hcL1dQTmV3XC93cC1jb250ZW50XC91cGxvYWRzXC8yMDIyXC8xMFwvRFNDMDM4NDEuanBnIiwic2xpZGVzaG93IjoiNTcxMjRjZCJ9\" href=\"https:\/\/fwallschwil.ch\/WPNew\/wp-content\/uploads\/2022\/10\/DSC03841.jpg\"><figure class=\"swiper-slide-inner\"><img decoding=\"async\" class=\"swiper-slide-image\" src=\"https:\/\/fwallschwil.ch\/WPNew\/wp-content\/uploads\/2022\/10\/DSC03841-150x150.jpg\" alt=\"C4\" \/><\/figure><\/a><\/div><div class=\"swiper-slide\" role=\"group\" aria-roledescription=\"slide\" aria-label=\"7 von 9\"><a data-elementor-open-lightbox=\"yes\" data-elementor-lightbox-slideshow=\"57124cd\" data-elementor-lightbox-title=\"C4\" data-e-action-hash=\"#elementor-action%3Aaction%3Dlightbox%26settings%3DeyJpZCI6NDgxLCJ1cmwiOiJodHRwczpcL1wvZndhbGxzY2h3aWwuY2hcL1dQTmV3XC93cC1jb250ZW50XC91cGxvYWRzXC8yMDIyXC8xMFwvRFNDMDM4NTAuanBnIiwic2xpZGVzaG93IjoiNTcxMjRjZCJ9\" href=\"https:\/\/fwallschwil.ch\/WPNew\/wp-content\/uploads\/2022\/10\/DSC03850.jpg\"><figure class=\"swiper-slide-inner\"><img decoding=\"async\" class=\"swiper-slide-image\" src=\"https:\/\/fwallschwil.ch\/WPNew\/wp-content\/uploads\/2022\/10\/DSC03850-150x150.jpg\" alt=\"C4\" \/><\/figure><\/a><\/div><div class=\"swiper-slide\" role=\"group\" aria-roledescription=\"slide\" aria-label=\"8 von 9\"><a data-elementor-open-lightbox=\"yes\" data-elementor-lightbox-slideshow=\"57124cd\" data-elementor-lightbox-title=\"C4\" data-e-action-hash=\"#elementor-action%3Aaction%3Dlightbox%26settings%3DeyJpZCI6NDgzLCJ1cmwiOiJodHRwczpcL1wvZndhbGxzY2h3aWwuY2hcL1dQTmV3XC93cC1jb250ZW50XC91cGxvYWRzXC8yMDIyXC8xMFwvRFNDMDM4NTIuanBnIiwic2xpZGVzaG93IjoiNTcxMjRjZCJ9\" href=\"https:\/\/fwallschwil.ch\/WPNew\/wp-content\/uploads\/2022\/10\/DSC03852.jpg\"><figure class=\"swiper-slide-inner\"><img decoding=\"async\" class=\"swiper-slide-image\" src=\"https:\/\/fwallschwil.ch\/WPNew\/wp-content\/uploads\/2022\/10\/DSC03852-150x150.jpg\" alt=\"C4\" \/><\/figure><\/a><\/div><div class=\"swiper-slide\" role=\"group\" aria-roledescription=\"slide\" aria-label=\"9 von 9\"><a data-elementor-open-lightbox=\"yes\" data-elementor-lightbox-slideshow=\"57124cd\" data-elementor-lightbox-title=\"C4\" data-e-action-hash=\"#elementor-action%3Aaction%3Dlightbox%26settings%3DeyJpZCI6NDgyLCJ1cmwiOiJodHRwczpcL1wvZndhbGxzY2h3aWwuY2hcL1dQTmV3XC93cC1jb250ZW50XC91cGxvYWRzXC8yMDIyXC8xMFwvRFNDMDM4NTEuanBnIiwic2xpZGVzaG93IjoiNTcxMjRjZCJ9\" href=\"https:\/\/fwallschwil.ch\/WPNew\/wp-content\/uploads\/2022\/10\/DSC03851.jpg\"><figure class=\"swiper-slide-inner\"><img decoding=\"async\" class=\"swiper-slide-image\" src=\"https:\/\/fwallschwil.ch\/WPNew\/wp-content\/uploads\/2022\/10\/DSC03851-150x150.jpg\" alt=\"C4\" \/><\/figure><\/a><\/div>\t\t\t<\/div>\n\t\t\t\t\t\t\t\t\t\t\t\t<div class=\"elementor-swiper-button elementor-swiper-button-prev\" role=\"button\" tabindex=\"0\">\n\t\t\t\t\t\t<i aria-hidden=\"true\" class=\"eicon-chevron-left\"><\/i>\t\t\t\t\t<\/div>\n\t\t\t\t\t<div class=\"elementor-swiper-button elementor-swiper-button-next\" role=\"button\" tabindex=\"0\">\n\t\t\t\t\t\t<i aria-hidden=\"true\" class=\"eicon-chevron-right\"><\/i>\t\t\t\t\t<\/div>\n\t\t\t\t\n\t\t\t\t\t\t\t\t\t<div class=\"swiper-pagination\"><\/div>\n\t\t\t\t\t\t\t\t\t<\/div>\n\t\t\t\t\t\t<\/div>\n\t\t\t\t<\/div>\n\t\t\t\t\t<\/div>\n\t\t<\/div>\n\t\t\t\t\t<\/div>\n\t\t<\/section>\n\t\t\t\t<\/div>\n\t\t","protected":false},"excerpt":{"rendered":"<p>C\u00e4sar 3 | Fahrzeuge |\u00a0C\u00e4sar 5 C\u00e4sar 4 | Atemschutzfahrzeug Bei gr\u00f6sseren Brandereignissen bringt unser Atemschutzbus bis zu sechs Atemschutzger\u00e4tetr\u00e4gerinnen und -Tr\u00e4ger, welche sich w\u00e4hrend der Fahrt bereits ausr\u00fcsten k\u00f6nnen, sowie einen Chauffeur und einen Atemschutz\u00fcberwacher oder eine Atemschutz\u00fcberwacherin vor Ort. Zus\u00e4tzliche Ausr\u00fcstung wie sechs Atemschutzger\u00e4te, ein Atemschutznotfallset, Fluchthauben und ein Turbol\u00fcfter sind standardm\u00e4ssig ebenfalls [&hellip;]<\/p>\n","protected":false},"author":3,"featured_media":0,"parent":0,"menu_order":0,"comment_status":"closed","ping_status":"closed","template":"","meta":{"footnotes":""},"class_list":["post-712","page","type-page","status-publish","hentry"],"yoast_head":"<!-- This site is optimized with the Yoast SEO plugin v26.2 - https:\/\/yoast.com\/wordpress\/plugins\/seo\/ -->\n<title>C\u00e4sar 4 - Feuerwehr Allschwil-Sch\u00f6nenbuch<\/title>\n<meta name=\"robots\" content=\"index, follow, max-snippet:-1, max-image-preview:large, max-video-preview:-1\" \/>\n<link rel=\"canonical\" href=\"https:\/\/fwallschwil.ch\/WPNew\/caesar-4\/\" \/>\n<meta property=\"og:locale\" content=\"de_DE\" \/>\n<meta property=\"og:type\" content=\"article\" \/>\n<meta property=\"og:title\" content=\"C\u00e4sar 4 - Feuerwehr Allschwil-Sch\u00f6nenbuch\" \/>\n<meta property=\"og:description\" content=\"C\u00e4sar 3 | Fahrzeuge |\u00a0C\u00e4sar 5 C\u00e4sar 4 | Atemschutzfahrzeug Bei gr\u00f6sseren Brandereignissen bringt unser Atemschutzbus bis zu sechs Atemschutzger\u00e4tetr\u00e4gerinnen und -Tr\u00e4ger, welche sich w\u00e4hrend der Fahrt bereits ausr\u00fcsten k\u00f6nnen, sowie einen Chauffeur und einen Atemschutz\u00fcberwacher oder eine Atemschutz\u00fcberwacherin vor Ort. Zus\u00e4tzliche Ausr\u00fcstung wie sechs Atemschutzger\u00e4te, ein Atemschutznotfallset, Fluchthauben und ein Turbol\u00fcfter sind standardm\u00e4ssig ebenfalls [&hellip;]\" \/>\n<meta property=\"og:url\" content=\"https:\/\/fwallschwil.ch\/WPNew\/caesar-4\/\" \/>\n<meta property=\"og:site_name\" content=\"Feuerwehr Allschwil-Sch\u00f6nenbuch\" \/>\n<meta property=\"article:modified_time\" content=\"2023-10-01T18:49:07+00:00\" \/>\n<meta property=\"og:image\" content=\"https:\/\/fwallschwil.ch\/WPNew\/wp-content\/uploads\/2022\/10\/DSC03834-1-e1667218812288-768x414.jpg\" \/>\n<meta name=\"twitter:card\" content=\"summary_large_image\" \/>\n<meta name=\"twitter:label1\" content=\"Gesch\u00e4tzte Lesezeit\" \/>\n\t<meta name=\"twitter:data1\" content=\"1\u00a0Minute\" \/>\n<script type=\"application\/ld+json\" class=\"yoast-schema-graph\">{\"@context\":\"https:\/\/schema.org\",\"@graph\":[{\"@type\":\"WebPage\",\"@id\":\"https:\/\/fwallschwil.ch\/WPNew\/caesar-4\/\",\"url\":\"https:\/\/fwallschwil.ch\/WPNew\/caesar-4\/\",\"name\":\"C\u00e4sar 4 - Feuerwehr Allschwil-Sch\u00f6nenbuch\",\"isPartOf\":{\"@id\":\"https:\/\/fwallschwil.ch\/WPNew\/#website\"},\"primaryImageOfPage\":{\"@id\":\"https:\/\/fwallschwil.ch\/WPNew\/caesar-4\/#primaryimage\"},\"image\":{\"@id\":\"https:\/\/fwallschwil.ch\/WPNew\/caesar-4\/#primaryimage\"},\"thumbnailUrl\":\"https:\/\/fwallschwil.ch\/WPNew\/wp-content\/uploads\/2022\/10\/DSC03834-1-e1667218812288-768x414.jpg\",\"datePublished\":\"2022-10-31T12:31:44+00:00\",\"dateModified\":\"2023-10-01T18:49:07+00:00\",\"breadcrumb\":{\"@id\":\"https:\/\/fwallschwil.ch\/WPNew\/caesar-4\/#breadcrumb\"},\"inLanguage\":\"de\",\"potentialAction\":[{\"@type\":\"ReadAction\",\"target\":[\"https:\/\/fwallschwil.ch\/WPNew\/caesar-4\/\"]}]},{\"@type\":\"ImageObject\",\"inLanguage\":\"de\",\"@id\":\"https:\/\/fwallschwil.ch\/WPNew\/caesar-4\/#primaryimage\",\"url\":\"https:\/\/fwallschwil.ch\/WPNew\/wp-content\/uploads\/2022\/10\/DSC03834-1-e1667218812288.jpg\",\"contentUrl\":\"https:\/\/fwallschwil.ch\/WPNew\/wp-content\/uploads\/2022\/10\/DSC03834-1-e1667218812288.jpg\",\"width\":1966,\"height\":1059},{\"@type\":\"BreadcrumbList\",\"@id\":\"https:\/\/fwallschwil.ch\/WPNew\/caesar-4\/#breadcrumb\",\"itemListElement\":[{\"@type\":\"ListItem\",\"position\":1,\"name\":\"Startseite\",\"item\":\"https:\/\/fwallschwil.ch\/WPNew\/\"},{\"@type\":\"ListItem\",\"position\":2,\"name\":\"C\u00e4sar 4\"}]},{\"@type\":\"WebSite\",\"@id\":\"https:\/\/fwallschwil.ch\/WPNew\/#website\",\"url\":\"https:\/\/fwallschwil.ch\/WPNew\/\",\"name\":\"Feuerwehr Allschwil-Sch\u00f6nenbuch\",\"description\":\"Die Webseite der Feuerwehr Allschwil-Sch\u00f6nenbuch\",\"publisher\":{\"@id\":\"https:\/\/fwallschwil.ch\/WPNew\/#organization\"},\"potentialAction\":[{\"@type\":\"SearchAction\",\"target\":{\"@type\":\"EntryPoint\",\"urlTemplate\":\"https:\/\/fwallschwil.ch\/WPNew\/?s={search_term_string}\"},\"query-input\":{\"@type\":\"PropertyValueSpecification\",\"valueRequired\":true,\"valueName\":\"search_term_string\"}}],\"inLanguage\":\"de\"},{\"@type\":\"Organization\",\"@id\":\"https:\/\/fwallschwil.ch\/WPNew\/#organization\",\"name\":\"Feuerwehr Allschwil-Sch\u00f6nenbuch\",\"url\":\"https:\/\/fwallschwil.ch\/WPNew\/\",\"logo\":{\"@type\":\"ImageObject\",\"inLanguage\":\"de\",\"@id\":\"https:\/\/fwallschwil.ch\/WPNew\/#\/schema\/logo\/image\/\",\"url\":\"https:\/\/fwallschwil.ch\/WPNew\/wp-content\/uploads\/2022\/04\/850_0019-copy.jpg\",\"contentUrl\":\"https:\/\/fwallschwil.ch\/WPNew\/wp-content\/uploads\/2022\/04\/850_0019-copy.jpg\",\"width\":120,\"height\":90,\"caption\":\"Feuerwehr Allschwil-Sch\u00f6nenbuch\"},\"image\":{\"@id\":\"https:\/\/fwallschwil.ch\/WPNew\/#\/schema\/logo\/image\/\"}}]}<\/script>\n<!-- \/ Yoast SEO plugin. -->","yoast_head_json":{"title":"C\u00e4sar 4 - Feuerwehr Allschwil-Sch\u00f6nenbuch","robots":{"index":"index","follow":"follow","max-snippet":"max-snippet:-1","max-image-preview":"max-image-preview:large","max-video-preview":"max-video-preview:-1"},"canonical":"https:\/\/fwallschwil.ch\/WPNew\/caesar-4\/","og_locale":"de_DE","og_type":"article","og_title":"C\u00e4sar 4 - Feuerwehr Allschwil-Sch\u00f6nenbuch","og_description":"C\u00e4sar 3 | Fahrzeuge |\u00a0C\u00e4sar 5 C\u00e4sar 4 | Atemschutzfahrzeug Bei gr\u00f6sseren Brandereignissen bringt unser Atemschutzbus bis zu sechs Atemschutzger\u00e4tetr\u00e4gerinnen und -Tr\u00e4ger, welche sich w\u00e4hrend der Fahrt bereits ausr\u00fcsten k\u00f6nnen, sowie einen Chauffeur und einen Atemschutz\u00fcberwacher oder eine Atemschutz\u00fcberwacherin vor Ort. Zus\u00e4tzliche Ausr\u00fcstung wie sechs Atemschutzger\u00e4te, ein Atemschutznotfallset, Fluchthauben und ein Turbol\u00fcfter sind standardm\u00e4ssig ebenfalls [&hellip;]","og_url":"https:\/\/fwallschwil.ch\/WPNew\/caesar-4\/","og_site_name":"Feuerwehr Allschwil-Sch\u00f6nenbuch","article_modified_time":"2023-10-01T18:49:07+00:00","og_image":[{"url":"https:\/\/fwallschwil.ch\/WPNew\/wp-content\/uploads\/2022\/10\/DSC03834-1-e1667218812288-768x414.jpg","type":"","width":"","height":""}],"twitter_card":"summary_large_image","twitter_misc":{"Gesch\u00e4tzte Lesezeit":"1\u00a0Minute"},"schema":{"@context":"https:\/\/schema.org","@graph":[{"@type":"WebPage","@id":"https:\/\/fwallschwil.ch\/WPNew\/caesar-4\/","url":"https:\/\/fwallschwil.ch\/WPNew\/caesar-4\/","name":"C\u00e4sar 4 - Feuerwehr Allschwil-Sch\u00f6nenbuch","isPartOf":{"@id":"https:\/\/fwallschwil.ch\/WPNew\/#website"},"primaryImageOfPage":{"@id":"https:\/\/fwallschwil.ch\/WPNew\/caesar-4\/#primaryimage"},"image":{"@id":"https:\/\/fwallschwil.ch\/WPNew\/caesar-4\/#primaryimage"},"thumbnailUrl":"https:\/\/fwallschwil.ch\/WPNew\/wp-content\/uploads\/2022\/10\/DSC03834-1-e1667218812288-768x414.jpg","datePublished":"2022-10-31T12:31:44+00:00","dateModified":"2023-10-01T18:49:07+00:00","breadcrumb":{"@id":"https:\/\/fwallschwil.ch\/WPNew\/caesar-4\/#breadcrumb"},"inLanguage":"de","potentialAction":[{"@type":"ReadAction","target":["https:\/\/fwallschwil.ch\/WPNew\/caesar-4\/"]}]},{"@type":"ImageObject","inLanguage":"de","@id":"https:\/\/fwallschwil.ch\/WPNew\/caesar-4\/#primaryimage","url":"https:\/\/fwallschwil.ch\/WPNew\/wp-content\/uploads\/2022\/10\/DSC03834-1-e1667218812288.jpg","contentUrl":"https:\/\/fwallschwil.ch\/WPNew\/wp-content\/uploads\/2022\/10\/DSC03834-1-e1667218812288.jpg","width":1966,"height":1059},{"@type":"BreadcrumbList","@id":"https:\/\/fwallschwil.ch\/WPNew\/caesar-4\/#breadcrumb","itemListElement":[{"@type":"ListItem","position":1,"name":"Startseite","item":"https:\/\/fwallschwil.ch\/WPNew\/"},{"@type":"ListItem","position":2,"name":"C\u00e4sar 4"}]},{"@type":"WebSite","@id":"https:\/\/fwallschwil.ch\/WPNew\/#website","url":"https:\/\/fwallschwil.ch\/WPNew\/","name":"Feuerwehr Allschwil-Sch\u00f6nenbuch","description":"Die Webseite der Feuerwehr Allschwil-Sch\u00f6nenbuch","publisher":{"@id":"https:\/\/fwallschwil.ch\/WPNew\/#organization"},"potentialAction":[{"@type":"SearchAction","target":{"@type":"EntryPoint","urlTemplate":"https:\/\/fwallschwil.ch\/WPNew\/?s={search_term_string}"},"query-input":{"@type":"PropertyValueSpecification","valueRequired":true,"valueName":"search_term_string"}}],"inLanguage":"de"},{"@type":"Organization","@id":"https:\/\/fwallschwil.ch\/WPNew\/#organization","name":"Feuerwehr Allschwil-Sch\u00f6nenbuch","url":"https:\/\/fwallschwil.ch\/WPNew\/","logo":{"@type":"ImageObject","inLanguage":"de","@id":"https:\/\/fwallschwil.ch\/WPNew\/#\/schema\/logo\/image\/","url":"https:\/\/fwallschwil.ch\/WPNew\/wp-content\/uploads\/2022\/04\/850_0019-copy.jpg","contentUrl":"https:\/\/fwallschwil.ch\/WPNew\/wp-content\/uploads\/2022\/04\/850_0019-copy.jpg","width":120,"height":90,"caption":"Feuerwehr Allschwil-Sch\u00f6nenbuch"},"image":{"@id":"https:\/\/fwallschwil.ch\/WPNew\/#\/schema\/logo\/image\/"}}]}},"_links":{"self":[{"href":"https:\/\/fwallschwil.ch\/WPNew\/wp-json\/wp\/v2\/pages\/712","targetHints":{"allow":["GET"]}}],"collection":[{"href":"https:\/\/fwallschwil.ch\/WPNew\/wp-json\/wp\/v2\/pages"}],"about":[{"href":"https:\/\/fwallschwil.ch\/WPNew\/wp-json\/wp\/v2\/types\/page"}],"author":[{"embeddable":true,"href":"https:\/\/fwallschwil.ch\/WPNew\/wp-json\/wp\/v2\/users\/3"}],"replies":[{"embeddable":true,"href":"https:\/\/fwallschwil.ch\/WPNew\/wp-json\/wp\/v2\/comments?post=712"}],"version-history":[{"count":119,"href":"https:\/\/fwallschwil.ch\/WPNew\/wp-json\/wp\/v2\/pages\/712\/revisions"}],"predecessor-version":[{"id":2227,"href":"https:\/\/fwallschwil.ch\/WPNew\/wp-json\/wp\/v2\/pages\/712\/revisions\/2227"}],"wp:attachment":[{"href":"https:\/\/fwallschwil.ch\/WPNew\/wp-json\/wp\/v2\/media?parent=712"}],"curies":[{"name":"wp","href":"https:\/\/api.w.org\/{rel}","templated":true}]}}