{"id":715,"date":"2022-10-31T13:32:47","date_gmt":"2022-10-31T12:32:47","guid":{"rendered":"https:\/\/fwallschwil.ch\/WPNew\/?page_id=715"},"modified":"2022-12-09T17:08:40","modified_gmt":"2022-12-09T16:08:40","slug":"caesar-10","status":"publish","type":"page","link":"https:\/\/fwallschwil.ch\/WPNew\/caesar-10\/","title":{"rendered":"C\u00e4sar 10"},"content":{"rendered":"\t\t<div data-elementor-type=\"wp-page\" data-elementor-id=\"715\" class=\"elementor elementor-715\">\n\t\t\t\t\t\t<section class=\"elementor-section elementor-top-section elementor-element elementor-element-4bae6348 elementor-section-boxed elementor-section-height-default elementor-section-height-default\" data-id=\"4bae6348\" data-element_type=\"section\">\n\t\t\t\t\t\t<div class=\"elementor-container elementor-column-gap-default\">\n\t\t\t\t\t<div class=\"elementor-column elementor-col-100 elementor-top-column elementor-element elementor-element-5102c129\" data-id=\"5102c129\" data-element_type=\"column\">\n\t\t\t<div class=\"elementor-widget-wrap elementor-element-populated\">\n\t\t\t\t\t\t<div class=\"elementor-element elementor-element-7acc450 elementor-widget elementor-widget-text-editor\" data-id=\"7acc450\" data-element_type=\"widget\" data-widget_type=\"text-editor.default\">\n\t\t\t\t<div class=\"elementor-widget-container\">\n\t\t\t\t\t\t\t\t\t<p style=\"text-align: center;\"><a href=\"https:\/\/fwallschwil.ch\/WPNew\/caesar-9\/\">C\u00e4sar 9<\/a> | <a href=\"https:\/\/fwallschwil.ch\/WPNew\/fahrzeuge\/\">Fahrzeuge<\/a> | <a href=\"https:\/\/fwallschwil.ch\/WPNew\/ameise\/\">Ameise<\/a><\/p>\t\t\t\t\t\t\t\t<\/div>\n\t\t\t\t<\/div>\n\t\t\t\t<div class=\"elementor-element elementor-element-8ade7a8 elementor-widget elementor-widget-text-editor\" data-id=\"8ade7a8\" data-element_type=\"widget\" data-widget_type=\"text-editor.default\">\n\t\t\t\t<div class=\"elementor-widget-container\">\n\t\t\t\t\t\t\t\t\t<h3 style=\"text-align: center;\"><strong>C\u00e4sar 10 | Kommandofahrzeug<\/strong><\/h3>\t\t\t\t\t\t\t\t<\/div>\n\t\t\t\t<\/div>\n\t\t\t\t<div class=\"elementor-element elementor-element-b6b24fc elementor-widget elementor-widget-image\" data-id=\"b6b24fc\" data-element_type=\"widget\" data-widget_type=\"image.default\">\n\t\t\t\t<div class=\"elementor-widget-container\">\n\t\t\t\t\t\t\t\t\t\t\t\t\t\t\t<img fetchpriority=\"high\" decoding=\"async\" width=\"568\" height=\"241\" src=\"https:\/\/fwallschwil.ch\/WPNew\/wp-content\/uploads\/2022\/10\/p1010026-1-e1667218874919.jpg\" class=\"attachment-large size-large wp-image-697\" alt=\"\" srcset=\"https:\/\/fwallschwil.ch\/WPNew\/wp-content\/uploads\/2022\/10\/p1010026-1-e1667218874919.jpg 568w, https:\/\/fwallschwil.ch\/WPNew\/wp-content\/uploads\/2022\/10\/p1010026-1-e1667218874919-300x127.jpg 300w\" sizes=\"(max-width: 568px) 100vw, 568px\" \/>\t\t\t\t\t\t\t\t\t\t\t\t\t\t\t<\/div>\n\t\t\t\t<\/div>\n\t\t\t\t<div class=\"elementor-element elementor-element-1c8d1105 elementor-widget elementor-widget-text-editor\" data-id=\"1c8d1105\" data-element_type=\"widget\" data-widget_type=\"text-editor.default\">\n\t\t\t\t<div class=\"elementor-widget-container\">\n\t\t\t\t\t\t\t\t\t<p style=\"text-align: center;\">\u00a0\u00a0\u00a0\u00a0\u00a0\u00a0\u00a0 Baujahr: 2014<br \/>\u00a0\u00a0\u00a0\u00a0\u00a0\u00a0\u00a0 Basisfahrzeug: Subaru Forester 2.0i (4&#215;4, Automat)<br \/>PS: 150PS<br \/>Hubraum: 1995cm<sup>3<br \/><\/sup>Leergewicht: 1.6t<br \/>Gesamtgewicht: 2t<br \/>Anh\u00e4ngelast: 2t<br \/>Anh\u00e4ngelast ungebremst: 750kg<br \/>Ladung: diverse F\u00fchrungseinsatz Utensilien<\/p>\t\t\t\t\t\t\t\t<\/div>\n\t\t\t\t<\/div>\n\t\t\t\t\t<\/div>\n\t\t<\/div>\n\t\t\t\t\t<\/div>\n\t\t<\/section>\n\t\t\t\t<section class=\"elementor-section elementor-top-section elementor-element elementor-element-1f330d9 elementor-section-boxed elementor-section-height-default elementor-section-height-default\" data-id=\"1f330d9\" data-element_type=\"section\">\n\t\t\t\t\t\t<div class=\"elementor-container elementor-column-gap-default\">\n\t\t\t\t\t<div class=\"elementor-column elementor-col-100 elementor-top-column elementor-element elementor-element-0bcc883\" data-id=\"0bcc883\" data-element_type=\"column\">\n\t\t\t<div class=\"elementor-widget-wrap elementor-element-populated\">\n\t\t\t\t\t\t<div class=\"elementor-element elementor-element-cb6e534 elementor-arrows-position-inside elementor-pagination-position-outside elementor-widget elementor-widget-image-carousel\" data-id=\"cb6e534\" data-element_type=\"widget\" data-settings=\"{&quot;navigation&quot;:&quot;both&quot;,&quot;autoplay&quot;:&quot;yes&quot;,&quot;pause_on_hover&quot;:&quot;yes&quot;,&quot;pause_on_interaction&quot;:&quot;yes&quot;,&quot;autoplay_speed&quot;:5000,&quot;infinite&quot;:&quot;yes&quot;,&quot;speed&quot;:500}\" data-widget_type=\"image-carousel.default\">\n\t\t\t\t<div class=\"elementor-widget-container\">\n\t\t\t\t\t\t\t<div class=\"elementor-image-carousel-wrapper swiper\" role=\"region\" aria-roledescription=\"carousel\" aria-label=\"Bild Karussell\" dir=\"ltr\">\n\t\t\t<div class=\"elementor-image-carousel swiper-wrapper\" aria-live=\"off\">\n\t\t\t\t\t\t\t\t<div class=\"swiper-slide\" role=\"group\" aria-roledescription=\"slide\" aria-label=\"1 von 10\"><a data-elementor-open-lightbox=\"yes\" data-elementor-lightbox-slideshow=\"cb6e534\" data-elementor-lightbox-title=\"phoca_thumb_l_p1010026\" data-e-action-hash=\"#elementor-action%3Aaction%3Dlightbox%26settings%3DeyJpZCI6NTY2LCJ1cmwiOiJodHRwczpcL1wvZndhbGxzY2h3aWwuY2hcL1dQTmV3XC93cC1jb250ZW50XC91cGxvYWRzXC8yMDIyXC8xMFwvcGhvY2FfdGh1bWJfbF9wMTAxMDAyNi5qcGciLCJzbGlkZXNob3ciOiJjYjZlNTM0In0%3D\" href=\"https:\/\/fwallschwil.ch\/WPNew\/wp-content\/uploads\/2022\/10\/phoca_thumb_l_p1010026.jpg\"><figure class=\"swiper-slide-inner\"><img decoding=\"async\" class=\"swiper-slide-image\" src=\"https:\/\/fwallschwil.ch\/WPNew\/wp-content\/uploads\/2022\/10\/phoca_thumb_l_p1010026-150x150.jpg\" alt=\"C\u00e4sar 10\" \/><\/figure><\/a><\/div><div class=\"swiper-slide\" role=\"group\" aria-roledescription=\"slide\" aria-label=\"2 von 10\"><a data-elementor-open-lightbox=\"yes\" data-elementor-lightbox-slideshow=\"cb6e534\" data-elementor-lightbox-title=\"phoca_thumb_l_p1010025\" data-e-action-hash=\"#elementor-action%3Aaction%3Dlightbox%26settings%3DeyJpZCI6NTY1LCJ1cmwiOiJodHRwczpcL1wvZndhbGxzY2h3aWwuY2hcL1dQTmV3XC93cC1jb250ZW50XC91cGxvYWRzXC8yMDIyXC8xMFwvcGhvY2FfdGh1bWJfbF9wMTAxMDAyNS5qcGciLCJzbGlkZXNob3ciOiJjYjZlNTM0In0%3D\" href=\"https:\/\/fwallschwil.ch\/WPNew\/wp-content\/uploads\/2022\/10\/phoca_thumb_l_p1010025.jpg\"><figure class=\"swiper-slide-inner\"><img decoding=\"async\" class=\"swiper-slide-image\" src=\"https:\/\/fwallschwil.ch\/WPNew\/wp-content\/uploads\/2022\/10\/phoca_thumb_l_p1010025-150x150.jpg\" alt=\"phoca_thumb_l_p1010025\" \/><\/figure><\/a><\/div><div class=\"swiper-slide\" role=\"group\" aria-roledescription=\"slide\" aria-label=\"3 von 10\"><a data-elementor-open-lightbox=\"yes\" data-elementor-lightbox-slideshow=\"cb6e534\" data-elementor-lightbox-title=\"phoca_thumb_l_p1010027\" data-e-action-hash=\"#elementor-action%3Aaction%3Dlightbox%26settings%3DeyJpZCI6NTY3LCJ1cmwiOiJodHRwczpcL1wvZndhbGxzY2h3aWwuY2hcL1dQTmV3XC93cC1jb250ZW50XC91cGxvYWRzXC8yMDIyXC8xMFwvcGhvY2FfdGh1bWJfbF9wMTAxMDAyNy5qcGciLCJzbGlkZXNob3ciOiJjYjZlNTM0In0%3D\" href=\"https:\/\/fwallschwil.ch\/WPNew\/wp-content\/uploads\/2022\/10\/phoca_thumb_l_p1010027.jpg\"><figure class=\"swiper-slide-inner\"><img decoding=\"async\" class=\"swiper-slide-image\" src=\"https:\/\/fwallschwil.ch\/WPNew\/wp-content\/uploads\/2022\/10\/phoca_thumb_l_p1010027-150x150.jpg\" alt=\"phoca_thumb_l_p1010027\" \/><\/figure><\/a><\/div><div class=\"swiper-slide\" role=\"group\" aria-roledescription=\"slide\" aria-label=\"4 von 10\"><a data-elementor-open-lightbox=\"yes\" data-elementor-lightbox-slideshow=\"cb6e534\" data-elementor-lightbox-title=\"phoca_thumb_l_p1010028\" data-e-action-hash=\"#elementor-action%3Aaction%3Dlightbox%26settings%3DeyJpZCI6NTY4LCJ1cmwiOiJodHRwczpcL1wvZndhbGxzY2h3aWwuY2hcL1dQTmV3XC93cC1jb250ZW50XC91cGxvYWRzXC8yMDIyXC8xMFwvcGhvY2FfdGh1bWJfbF9wMTAxMDAyOC5qcGciLCJzbGlkZXNob3ciOiJjYjZlNTM0In0%3D\" href=\"https:\/\/fwallschwil.ch\/WPNew\/wp-content\/uploads\/2022\/10\/phoca_thumb_l_p1010028.jpg\"><figure class=\"swiper-slide-inner\"><img decoding=\"async\" class=\"swiper-slide-image\" src=\"https:\/\/fwallschwil.ch\/WPNew\/wp-content\/uploads\/2022\/10\/phoca_thumb_l_p1010028-150x150.jpg\" alt=\"phoca_thumb_l_p1010028\" \/><\/figure><\/a><\/div><div class=\"swiper-slide\" role=\"group\" aria-roledescription=\"slide\" aria-label=\"5 von 10\"><a data-elementor-open-lightbox=\"yes\" data-elementor-lightbox-slideshow=\"cb6e534\" data-elementor-lightbox-title=\"phoca_thumb_l_p1010029\" data-e-action-hash=\"#elementor-action%3Aaction%3Dlightbox%26settings%3DeyJpZCI6NTY5LCJ1cmwiOiJodHRwczpcL1wvZndhbGxzY2h3aWwuY2hcL1dQTmV3XC93cC1jb250ZW50XC91cGxvYWRzXC8yMDIyXC8xMFwvcGhvY2FfdGh1bWJfbF9wMTAxMDAyOS5qcGciLCJzbGlkZXNob3ciOiJjYjZlNTM0In0%3D\" href=\"https:\/\/fwallschwil.ch\/WPNew\/wp-content\/uploads\/2022\/10\/phoca_thumb_l_p1010029.jpg\"><figure class=\"swiper-slide-inner\"><img decoding=\"async\" class=\"swiper-slide-image\" src=\"https:\/\/fwallschwil.ch\/WPNew\/wp-content\/uploads\/2022\/10\/phoca_thumb_l_p1010029-150x150.jpg\" alt=\"phoca_thumb_l_p1010029\" \/><\/figure><\/a><\/div><div class=\"swiper-slide\" role=\"group\" aria-roledescription=\"slide\" aria-label=\"6 von 10\"><a data-elementor-open-lightbox=\"yes\" data-elementor-lightbox-slideshow=\"cb6e534\" data-elementor-lightbox-title=\"phoca_thumb_l_p1010030\" data-e-action-hash=\"#elementor-action%3Aaction%3Dlightbox%26settings%3DeyJpZCI6NTcwLCJ1cmwiOiJodHRwczpcL1wvZndhbGxzY2h3aWwuY2hcL1dQTmV3XC93cC1jb250ZW50XC91cGxvYWRzXC8yMDIyXC8xMFwvcGhvY2FfdGh1bWJfbF9wMTAxMDAzMC5qcGciLCJzbGlkZXNob3ciOiJjYjZlNTM0In0%3D\" href=\"https:\/\/fwallschwil.ch\/WPNew\/wp-content\/uploads\/2022\/10\/phoca_thumb_l_p1010030.jpg\"><figure class=\"swiper-slide-inner\"><img decoding=\"async\" class=\"swiper-slide-image\" src=\"https:\/\/fwallschwil.ch\/WPNew\/wp-content\/uploads\/2022\/10\/phoca_thumb_l_p1010030-150x150.jpg\" alt=\"phoca_thumb_l_p1010030\" \/><\/figure><\/a><\/div><div class=\"swiper-slide\" role=\"group\" aria-roledescription=\"slide\" aria-label=\"7 von 10\"><a data-elementor-open-lightbox=\"yes\" data-elementor-lightbox-slideshow=\"cb6e534\" data-elementor-lightbox-title=\"phoca_thumb_l_p1010031\" data-e-action-hash=\"#elementor-action%3Aaction%3Dlightbox%26settings%3DeyJpZCI6NTcxLCJ1cmwiOiJodHRwczpcL1wvZndhbGxzY2h3aWwuY2hcL1dQTmV3XC93cC1jb250ZW50XC91cGxvYWRzXC8yMDIyXC8xMFwvcGhvY2FfdGh1bWJfbF9wMTAxMDAzMS5qcGciLCJzbGlkZXNob3ciOiJjYjZlNTM0In0%3D\" href=\"https:\/\/fwallschwil.ch\/WPNew\/wp-content\/uploads\/2022\/10\/phoca_thumb_l_p1010031.jpg\"><figure class=\"swiper-slide-inner\"><img decoding=\"async\" class=\"swiper-slide-image\" src=\"https:\/\/fwallschwil.ch\/WPNew\/wp-content\/uploads\/2022\/10\/phoca_thumb_l_p1010031-150x150.jpg\" alt=\"phoca_thumb_l_p1010031\" \/><\/figure><\/a><\/div><div class=\"swiper-slide\" role=\"group\" aria-roledescription=\"slide\" aria-label=\"8 von 10\"><a data-elementor-open-lightbox=\"yes\" data-elementor-lightbox-slideshow=\"cb6e534\" data-elementor-lightbox-title=\"phoca_thumb_l_p1010032\" data-e-action-hash=\"#elementor-action%3Aaction%3Dlightbox%26settings%3DeyJpZCI6NTcyLCJ1cmwiOiJodHRwczpcL1wvZndhbGxzY2h3aWwuY2hcL1dQTmV3XC93cC1jb250ZW50XC91cGxvYWRzXC8yMDIyXC8xMFwvcGhvY2FfdGh1bWJfbF9wMTAxMDAzMi5qcGciLCJzbGlkZXNob3ciOiJjYjZlNTM0In0%3D\" href=\"https:\/\/fwallschwil.ch\/WPNew\/wp-content\/uploads\/2022\/10\/phoca_thumb_l_p1010032.jpg\"><figure class=\"swiper-slide-inner\"><img decoding=\"async\" class=\"swiper-slide-image\" src=\"https:\/\/fwallschwil.ch\/WPNew\/wp-content\/uploads\/2022\/10\/phoca_thumb_l_p1010032-150x150.jpg\" alt=\"phoca_thumb_l_p1010032\" \/><\/figure><\/a><\/div><div class=\"swiper-slide\" role=\"group\" aria-roledescription=\"slide\" aria-label=\"9 von 10\"><a data-elementor-open-lightbox=\"yes\" data-elementor-lightbox-slideshow=\"cb6e534\" data-elementor-lightbox-title=\"phoca_thumb_l_p1010033\" data-e-action-hash=\"#elementor-action%3Aaction%3Dlightbox%26settings%3DeyJpZCI6NTczLCJ1cmwiOiJodHRwczpcL1wvZndhbGxzY2h3aWwuY2hcL1dQTmV3XC93cC1jb250ZW50XC91cGxvYWRzXC8yMDIyXC8xMFwvcGhvY2FfdGh1bWJfbF9wMTAxMDAzMy5qcGciLCJzbGlkZXNob3ciOiJjYjZlNTM0In0%3D\" href=\"https:\/\/fwallschwil.ch\/WPNew\/wp-content\/uploads\/2022\/10\/phoca_thumb_l_p1010033.jpg\"><figure class=\"swiper-slide-inner\"><img decoding=\"async\" class=\"swiper-slide-image\" src=\"https:\/\/fwallschwil.ch\/WPNew\/wp-content\/uploads\/2022\/10\/phoca_thumb_l_p1010033-150x150.jpg\" alt=\"phoca_thumb_l_p1010033\" \/><\/figure><\/a><\/div><div class=\"swiper-slide\" role=\"group\" aria-roledescription=\"slide\" aria-label=\"10 von 10\"><a data-elementor-open-lightbox=\"yes\" data-elementor-lightbox-slideshow=\"cb6e534\" data-elementor-lightbox-title=\"phoca_thumb_l_p1010034\" data-e-action-hash=\"#elementor-action%3Aaction%3Dlightbox%26settings%3DeyJpZCI6NTc0LCJ1cmwiOiJodHRwczpcL1wvZndhbGxzY2h3aWwuY2hcL1dQTmV3XC93cC1jb250ZW50XC91cGxvYWRzXC8yMDIyXC8xMFwvcGhvY2FfdGh1bWJfbF9wMTAxMDAzNC5qcGciLCJzbGlkZXNob3ciOiJjYjZlNTM0In0%3D\" href=\"https:\/\/fwallschwil.ch\/WPNew\/wp-content\/uploads\/2022\/10\/phoca_thumb_l_p1010034.jpg\"><figure class=\"swiper-slide-inner\"><img decoding=\"async\" class=\"swiper-slide-image\" src=\"https:\/\/fwallschwil.ch\/WPNew\/wp-content\/uploads\/2022\/10\/phoca_thumb_l_p1010034-150x150.jpg\" alt=\"phoca_thumb_l_p1010034\" \/><\/figure><\/a><\/div>\t\t\t<\/div>\n\t\t\t\t\t\t\t\t\t\t\t\t<div class=\"elementor-swiper-button elementor-swiper-button-prev\" role=\"button\" tabindex=\"0\">\n\t\t\t\t\t\t<i aria-hidden=\"true\" class=\"eicon-chevron-left\"><\/i>\t\t\t\t\t<\/div>\n\t\t\t\t\t<div class=\"elementor-swiper-button elementor-swiper-button-next\" role=\"button\" tabindex=\"0\">\n\t\t\t\t\t\t<i aria-hidden=\"true\" class=\"eicon-chevron-right\"><\/i>\t\t\t\t\t<\/div>\n\t\t\t\t\n\t\t\t\t\t\t\t\t\t<div class=\"swiper-pagination\"><\/div>\n\t\t\t\t\t\t\t\t\t<\/div>\n\t\t\t\t\t\t<\/div>\n\t\t\t\t<\/div>\n\t\t\t\t\t<\/div>\n\t\t<\/div>\n\t\t\t\t\t<\/div>\n\t\t<\/section>\n\t\t\t\t<\/div>\n\t\t","protected":false},"excerpt":{"rendered":"<p>C\u00e4sar 9 | Fahrzeuge | Ameise C\u00e4sar 10 | Kommandofahrzeug \u00a0\u00a0\u00a0\u00a0\u00a0\u00a0\u00a0 Baujahr: 2014\u00a0\u00a0\u00a0\u00a0\u00a0\u00a0\u00a0 Basisfahrzeug: Subaru Forester 2.0i (4&#215;4, Automat)PS: 150PSHubraum: 1995cm3Leergewicht: 1.6tGesamtgewicht: 2tAnh\u00e4ngelast: 2tAnh\u00e4ngelast ungebremst: 750kgLadung: diverse F\u00fchrungseinsatz Utensilien Zur\u00fcck Weiter<\/p>\n","protected":false},"author":3,"featured_media":0,"parent":0,"menu_order":0,"comment_status":"closed","ping_status":"closed","template":"","meta":{"footnotes":""},"class_list":["post-715","page","type-page","status-publish","hentry"],"yoast_head":"<!-- This site is optimized with the Yoast SEO plugin v26.2 - https:\/\/yoast.com\/wordpress\/plugins\/seo\/ -->\n<title>C\u00e4sar 10 - Feuerwehr Allschwil-Sch\u00f6nenbuch<\/title>\n<meta name=\"robots\" content=\"index, follow, max-snippet:-1, max-image-preview:large, max-video-preview:-1\" \/>\n<link rel=\"canonical\" href=\"https:\/\/fwallschwil.ch\/WPNew\/caesar-10\/\" \/>\n<meta property=\"og:locale\" content=\"de_DE\" \/>\n<meta property=\"og:type\" content=\"article\" \/>\n<meta property=\"og:title\" content=\"C\u00e4sar 10 - Feuerwehr Allschwil-Sch\u00f6nenbuch\" \/>\n<meta property=\"og:description\" content=\"C\u00e4sar 9 | Fahrzeuge | Ameise C\u00e4sar 10 | Kommandofahrzeug \u00a0\u00a0\u00a0\u00a0\u00a0\u00a0\u00a0 Baujahr: 2014\u00a0\u00a0\u00a0\u00a0\u00a0\u00a0\u00a0 Basisfahrzeug: Subaru Forester 2.0i (4&#215;4, Automat)PS: 150PSHubraum: 1995cm3Leergewicht: 1.6tGesamtgewicht: 2tAnh\u00e4ngelast: 2tAnh\u00e4ngelast ungebremst: 750kgLadung: diverse F\u00fchrungseinsatz Utensilien Zur\u00fcck Weiter\" \/>\n<meta property=\"og:url\" content=\"https:\/\/fwallschwil.ch\/WPNew\/caesar-10\/\" \/>\n<meta property=\"og:site_name\" content=\"Feuerwehr Allschwil-Sch\u00f6nenbuch\" \/>\n<meta property=\"article:modified_time\" content=\"2022-12-09T16:08:40+00:00\" \/>\n<meta property=\"og:image\" content=\"https:\/\/fwallschwil.ch\/WPNew\/wp-content\/uploads\/2022\/10\/p1010026-1-e1667218874919.jpg\" \/>\n<meta name=\"twitter:card\" content=\"summary_large_image\" \/>\n<script type=\"application\/ld+json\" class=\"yoast-schema-graph\">{\"@context\":\"https:\/\/schema.org\",\"@graph\":[{\"@type\":\"WebPage\",\"@id\":\"https:\/\/fwallschwil.ch\/WPNew\/caesar-10\/\",\"url\":\"https:\/\/fwallschwil.ch\/WPNew\/caesar-10\/\",\"name\":\"C\u00e4sar 10 - Feuerwehr Allschwil-Sch\u00f6nenbuch\",\"isPartOf\":{\"@id\":\"https:\/\/fwallschwil.ch\/WPNew\/#website\"},\"primaryImageOfPage\":{\"@id\":\"https:\/\/fwallschwil.ch\/WPNew\/caesar-10\/#primaryimage\"},\"image\":{\"@id\":\"https:\/\/fwallschwil.ch\/WPNew\/caesar-10\/#primaryimage\"},\"thumbnailUrl\":\"https:\/\/fwallschwil.ch\/WPNew\/wp-content\/uploads\/2022\/10\/p1010026-1-e1667218874919.jpg\",\"datePublished\":\"2022-10-31T12:32:47+00:00\",\"dateModified\":\"2022-12-09T16:08:40+00:00\",\"breadcrumb\":{\"@id\":\"https:\/\/fwallschwil.ch\/WPNew\/caesar-10\/#breadcrumb\"},\"inLanguage\":\"de\",\"potentialAction\":[{\"@type\":\"ReadAction\",\"target\":[\"https:\/\/fwallschwil.ch\/WPNew\/caesar-10\/\"]}]},{\"@type\":\"ImageObject\",\"inLanguage\":\"de\",\"@id\":\"https:\/\/fwallschwil.ch\/WPNew\/caesar-10\/#primaryimage\",\"url\":\"https:\/\/fwallschwil.ch\/WPNew\/wp-content\/uploads\/2022\/10\/p1010026-1-e1667218874919.jpg\",\"contentUrl\":\"https:\/\/fwallschwil.ch\/WPNew\/wp-content\/uploads\/2022\/10\/p1010026-1-e1667218874919.jpg\",\"width\":568,\"height\":241},{\"@type\":\"BreadcrumbList\",\"@id\":\"https:\/\/fwallschwil.ch\/WPNew\/caesar-10\/#breadcrumb\",\"itemListElement\":[{\"@type\":\"ListItem\",\"position\":1,\"name\":\"Startseite\",\"item\":\"https:\/\/fwallschwil.ch\/WPNew\/\"},{\"@type\":\"ListItem\",\"position\":2,\"name\":\"C\u00e4sar 10\"}]},{\"@type\":\"WebSite\",\"@id\":\"https:\/\/fwallschwil.ch\/WPNew\/#website\",\"url\":\"https:\/\/fwallschwil.ch\/WPNew\/\",\"name\":\"Feuerwehr Allschwil-Sch\u00f6nenbuch\",\"description\":\"Die Webseite der Feuerwehr Allschwil-Sch\u00f6nenbuch\",\"publisher\":{\"@id\":\"https:\/\/fwallschwil.ch\/WPNew\/#organization\"},\"potentialAction\":[{\"@type\":\"SearchAction\",\"target\":{\"@type\":\"EntryPoint\",\"urlTemplate\":\"https:\/\/fwallschwil.ch\/WPNew\/?s={search_term_string}\"},\"query-input\":{\"@type\":\"PropertyValueSpecification\",\"valueRequired\":true,\"valueName\":\"search_term_string\"}}],\"inLanguage\":\"de\"},{\"@type\":\"Organization\",\"@id\":\"https:\/\/fwallschwil.ch\/WPNew\/#organization\",\"name\":\"Feuerwehr Allschwil-Sch\u00f6nenbuch\",\"url\":\"https:\/\/fwallschwil.ch\/WPNew\/\",\"logo\":{\"@type\":\"ImageObject\",\"inLanguage\":\"de\",\"@id\":\"https:\/\/fwallschwil.ch\/WPNew\/#\/schema\/logo\/image\/\",\"url\":\"https:\/\/fwallschwil.ch\/WPNew\/wp-content\/uploads\/2022\/04\/850_0019-copy.jpg\",\"contentUrl\":\"https:\/\/fwallschwil.ch\/WPNew\/wp-content\/uploads\/2022\/04\/850_0019-copy.jpg\",\"width\":120,\"height\":90,\"caption\":\"Feuerwehr Allschwil-Sch\u00f6nenbuch\"},\"image\":{\"@id\":\"https:\/\/fwallschwil.ch\/WPNew\/#\/schema\/logo\/image\/\"}}]}<\/script>\n<!-- \/ Yoast SEO plugin. -->","yoast_head_json":{"title":"C\u00e4sar 10 - Feuerwehr Allschwil-Sch\u00f6nenbuch","robots":{"index":"index","follow":"follow","max-snippet":"max-snippet:-1","max-image-preview":"max-image-preview:large","max-video-preview":"max-video-preview:-1"},"canonical":"https:\/\/fwallschwil.ch\/WPNew\/caesar-10\/","og_locale":"de_DE","og_type":"article","og_title":"C\u00e4sar 10 - Feuerwehr Allschwil-Sch\u00f6nenbuch","og_description":"C\u00e4sar 9 | Fahrzeuge | Ameise C\u00e4sar 10 | Kommandofahrzeug \u00a0\u00a0\u00a0\u00a0\u00a0\u00a0\u00a0 Baujahr: 2014\u00a0\u00a0\u00a0\u00a0\u00a0\u00a0\u00a0 Basisfahrzeug: Subaru Forester 2.0i (4&#215;4, Automat)PS: 150PSHubraum: 1995cm3Leergewicht: 1.6tGesamtgewicht: 2tAnh\u00e4ngelast: 2tAnh\u00e4ngelast ungebremst: 750kgLadung: diverse F\u00fchrungseinsatz Utensilien Zur\u00fcck Weiter","og_url":"https:\/\/fwallschwil.ch\/WPNew\/caesar-10\/","og_site_name":"Feuerwehr Allschwil-Sch\u00f6nenbuch","article_modified_time":"2022-12-09T16:08:40+00:00","og_image":[{"url":"https:\/\/fwallschwil.ch\/WPNew\/wp-content\/uploads\/2022\/10\/p1010026-1-e1667218874919.jpg","type":"","width":"","height":""}],"twitter_card":"summary_large_image","schema":{"@context":"https:\/\/schema.org","@graph":[{"@type":"WebPage","@id":"https:\/\/fwallschwil.ch\/WPNew\/caesar-10\/","url":"https:\/\/fwallschwil.ch\/WPNew\/caesar-10\/","name":"C\u00e4sar 10 - Feuerwehr Allschwil-Sch\u00f6nenbuch","isPartOf":{"@id":"https:\/\/fwallschwil.ch\/WPNew\/#website"},"primaryImageOfPage":{"@id":"https:\/\/fwallschwil.ch\/WPNew\/caesar-10\/#primaryimage"},"image":{"@id":"https:\/\/fwallschwil.ch\/WPNew\/caesar-10\/#primaryimage"},"thumbnailUrl":"https:\/\/fwallschwil.ch\/WPNew\/wp-content\/uploads\/2022\/10\/p1010026-1-e1667218874919.jpg","datePublished":"2022-10-31T12:32:47+00:00","dateModified":"2022-12-09T16:08:40+00:00","breadcrumb":{"@id":"https:\/\/fwallschwil.ch\/WPNew\/caesar-10\/#breadcrumb"},"inLanguage":"de","potentialAction":[{"@type":"ReadAction","target":["https:\/\/fwallschwil.ch\/WPNew\/caesar-10\/"]}]},{"@type":"ImageObject","inLanguage":"de","@id":"https:\/\/fwallschwil.ch\/WPNew\/caesar-10\/#primaryimage","url":"https:\/\/fwallschwil.ch\/WPNew\/wp-content\/uploads\/2022\/10\/p1010026-1-e1667218874919.jpg","contentUrl":"https:\/\/fwallschwil.ch\/WPNew\/wp-content\/uploads\/2022\/10\/p1010026-1-e1667218874919.jpg","width":568,"height":241},{"@type":"BreadcrumbList","@id":"https:\/\/fwallschwil.ch\/WPNew\/caesar-10\/#breadcrumb","itemListElement":[{"@type":"ListItem","position":1,"name":"Startseite","item":"https:\/\/fwallschwil.ch\/WPNew\/"},{"@type":"ListItem","position":2,"name":"C\u00e4sar 10"}]},{"@type":"WebSite","@id":"https:\/\/fwallschwil.ch\/WPNew\/#website","url":"https:\/\/fwallschwil.ch\/WPNew\/","name":"Feuerwehr Allschwil-Sch\u00f6nenbuch","description":"Die Webseite der Feuerwehr Allschwil-Sch\u00f6nenbuch","publisher":{"@id":"https:\/\/fwallschwil.ch\/WPNew\/#organization"},"potentialAction":[{"@type":"SearchAction","target":{"@type":"EntryPoint","urlTemplate":"https:\/\/fwallschwil.ch\/WPNew\/?s={search_term_string}"},"query-input":{"@type":"PropertyValueSpecification","valueRequired":true,"valueName":"search_term_string"}}],"inLanguage":"de"},{"@type":"Organization","@id":"https:\/\/fwallschwil.ch\/WPNew\/#organization","name":"Feuerwehr Allschwil-Sch\u00f6nenbuch","url":"https:\/\/fwallschwil.ch\/WPNew\/","logo":{"@type":"ImageObject","inLanguage":"de","@id":"https:\/\/fwallschwil.ch\/WPNew\/#\/schema\/logo\/image\/","url":"https:\/\/fwallschwil.ch\/WPNew\/wp-content\/uploads\/2022\/04\/850_0019-copy.jpg","contentUrl":"https:\/\/fwallschwil.ch\/WPNew\/wp-content\/uploads\/2022\/04\/850_0019-copy.jpg","width":120,"height":90,"caption":"Feuerwehr Allschwil-Sch\u00f6nenbuch"},"image":{"@id":"https:\/\/fwallschwil.ch\/WPNew\/#\/schema\/logo\/image\/"}}]}},"_links":{"self":[{"href":"https:\/\/fwallschwil.ch\/WPNew\/wp-json\/wp\/v2\/pages\/715","targetHints":{"allow":["GET"]}}],"collection":[{"href":"https:\/\/fwallschwil.ch\/WPNew\/wp-json\/wp\/v2\/pages"}],"about":[{"href":"https:\/\/fwallschwil.ch\/WPNew\/wp-json\/wp\/v2\/types\/page"}],"author":[{"embeddable":true,"href":"https:\/\/fwallschwil.ch\/WPNew\/wp-json\/wp\/v2\/users\/3"}],"replies":[{"embeddable":true,"href":"https:\/\/fwallschwil.ch\/WPNew\/wp-json\/wp\/v2\/comments?post=715"}],"version-history":[{"count":29,"href":"https:\/\/fwallschwil.ch\/WPNew\/wp-json\/wp\/v2\/pages\/715\/revisions"}],"predecessor-version":[{"id":1620,"href":"https:\/\/fwallschwil.ch\/WPNew\/wp-json\/wp\/v2\/pages\/715\/revisions\/1620"}],"wp:attachment":[{"href":"https:\/\/fwallschwil.ch\/WPNew\/wp-json\/wp\/v2\/media?parent=715"}],"curies":[{"name":"wp","href":"https:\/\/api.w.org\/{rel}","templated":true}]}}